{"id":2898,"date":"2024-04-12T19:57:46","date_gmt":"2024-04-12T22:57:46","guid":{"rendered":"https:\/\/ifd23-sgo.infd.edu.ar\/sitio\/?page_id=2898"},"modified":"2026-03-18T22:35:11","modified_gmt":"2026-03-19T01:35:11","slug":"espacios-curriculares-economia","status":"publish","type":"page","link":"https:\/\/ifd23-sgo.infd.edu.ar\/sitio\/espacios-curriculares-economia\/","title":{"rendered":"Espacios Curriculares"},"content":{"rendered":"\n<div class=\"wp-block-group has-contrast-color has-luminous-dusk-gradient-background has-text-color has-background is-layout-constrained\"><div class=\"wp-block-group__inner-container\">\n<div class=\"wp-block-columns is-layout-flex wp-container-3\">\n<div class=\"wp-block-column is-vertically-aligned-center is-layout-flow\">\n<p class=\"has-text-align-center has-small-font-size\">PRIMER A\u00d1O<\/p>\n\n\n\n<ul>\n<li class=\"has-small-font-size\">PEDAGOG\u00cdA<\/li>\n\n\n\n<li class=\"has-small-font-size\">PSICOLOGIA EDUCACIONAL<\/li>\n\n\n\n<li class=\"has-small-font-size\">ALFABETIZACI\u00d3N ACAD\u00c9MICA<\/li>\n\n\n\n<li class=\"has-small-font-size\">HISTORIA ARGENTINA Y LATINOAMERICANA<\/li>\n\n\n\n<li class=\"has-small-font-size\">HISTORIA DE LA EDUCACI\u00d3N Y POL\u00cdTICA EDUCACIONAL ARGENTINA<\/li>\n\n\n\n<li class=\"has-small-font-size\">PRACTICA I: LA INSTITUCI\u00d3N EDUCATIVA<\/li>\n\n\n\n<li class=\"has-small-font-size\">PRINCIPIOS DE LA ECONOM\u00cdA<\/li>\n\n\n\n<li class=\"has-small-font-size\">MATEMATICA I<\/li>\n\n\n\n<li class=\"has-small-font-size\">CONTABILIDAD I<\/li>\n\n\n\n<li class=\"has-small-font-size\">INTRODUCCION AL DERECHO<\/li>\n\n\n\n<li class=\"has-small-font-size\">MATEMATICAII<\/li>\n<\/ul>\n\n\n\n<p><\/p>\n<\/div>\n\n\n\n<div class=\"wp-block-column is-layout-flow\">\n<p class=\"has-text-align-center has-small-font-size\">SEGUNDO A\u00d1O<\/p>\n\n\n\n<ul>\n<li class=\"has-small-font-size\">SOCIOLOG\u00cdA DE LA EDUCACI\u00d3N<\/li>\n\n\n\n<li class=\"has-small-font-size\">TECNOLOG\u00cdA DE LA INFORMACI\u00d3N Y COMUNICACI\u00d3N<\/li>\n\n\n\n<li class=\"has-small-font-size\">DID\u00c1CTICA GENERAL<\/li>\n\n\n\n<li class=\"has-small-font-size\">PR\u00c1CTICA II: CURRICULUM, SUJETOS Y CONTEXTOS<\/li>\n\n\n\n<li class=\"has-small-font-size\">ADMINISTRACI\u00d3N I<\/li>\n\n\n\n<li class=\"has-small-font-size\">MICROECONOM\u00cdA<\/li>\n\n\n\n<li class=\"has-small-font-size\">DERECHOEMPRESARIO<\/li>\n\n\n\n<li class=\"has-small-font-size\">ESTAD\u00cdSTICA DESCRIPTIVA E INFERENCIAL<\/li>\n\n\n\n<li class=\"has-small-font-size\">CONTABILIDAD II<\/li>\n\n\n\n<li class=\"has-small-font-size\">SUJETO DE LA EDUCACI\u00d3N<\/li>\n<\/ul>\n<\/div>\n<\/div>\n\n\n\n<div class=\"wp-block-columns is-layout-flex wp-container-6\">\n<div class=\"wp-block-column is-layout-flow\">\n<p class=\"has-text-align-center has-small-font-size\">TERCER A\u00d1O<\/p>\n\n\n\n<ul>\n<li class=\"has-small-font-size\">FILOSOFIA DE LA EDUCACI\u00d3N<\/li>\n\n\n\n<li class=\"has-small-font-size\">INTEGRACI\u00d3N E INCLUSI\u00d3N EDUCATIVA<\/li>\n\n\n\n<li class=\"has-small-font-size\">EPISTEMOLOG\u00cdA DE LAS CIENCIAS<\/li>\n\n\n\n<li class=\"has-small-font-size\">PRACTICA III: PROGRAMACI\u00d3N DID\u00c1CTICA Y GESTI\u00d3N DE MIRCROEXPERIENCIAS DE ENSE\u00d1ANZA PARA EL NIVEL SECUNDARIO<\/li>\n\n\n\n<li class=\"has-small-font-size\">MACROECONOM\u00cdA<\/li>\n\n\n\n<li class=\"has-small-font-size\">C\u00c1LCULO FINANCIERO<\/li>\n\n\n\n<li class=\"has-small-font-size\">ADMINISTRACI\u00d3N II<\/li>\n\n\n\n<li class=\"has-small-font-size\">ECONOM\u00cdA FINANCIERA<\/li>\n\n\n\n<li class=\"has-small-font-size\">TIC APLICADA<\/li>\n\n\n\n<li class=\"has-small-font-size\">DIDACTICA DE LA ECONOM\u00cdA<\/li>\n<\/ul>\n<\/div>\n\n\n\n<div class=\"wp-block-column is-layout-flow\">\n<p class=\"has-text-align-center has-small-font-size\">CUARTO A\u00d1O<\/p>\n\n\n\n<ul>\n<li class=\"has-small-font-size\">EDUCACI\u00d3N SEXUAL INTEGRAL<\/li>\n\n\n\n<li class=\"has-small-font-size\">FORMACI\u00d3N \u00c9TICA Y CIUDADANA<\/li>\n\n\n\n<li class=\"has-small-font-size\">PRACTICA IV: RESIDENCIAS Y SISTEMATIZACI\u00d3N DE EXPERIENCIAS<\/li>\n\n\n\n<li class=\"has-small-font-size\">ECONOM\u00cdA Y DESARROLLO<\/li>\n\n\n\n<li class=\"has-small-font-size\">FORMULACI\u00d3N Y EVALUACI\u00d3N DE PROYECTOS<\/li>\n\n\n\n<li class=\"has-small-font-size\">HISTORIA ECON\u00d3MICA Y SOCIAL<\/li>\n<\/ul>\n<\/div>\n<\/div>\n<\/div><\/div>\n","protected":false},"excerpt":{"rendered":"<p>PRIMER A\u00d1O SEGUNDO A\u00d1O TERCER A\u00d1O CUARTO A\u00d1O<\/p>\n","protected":false},"author":12,"featured_media":0,"parent":0,"menu_order":0,"comment_status":"closed","ping_status":"closed","template":"","meta":[],"acf":[],"_links":{"self":[{"href":"https:\/\/ifd23-sgo.infd.edu.ar\/sitio\/wp-json\/wp\/v2\/pages\/2898"}],"collection":[{"href":"https:\/\/ifd23-sgo.infd.edu.ar\/sitio\/wp-json\/wp\/v2\/pages"}],"about":[{"href":"https:\/\/ifd23-sgo.infd.edu.ar\/sitio\/wp-json\/wp\/v2\/types\/page"}],"author":[{"embeddable":true,"href":"https:\/\/ifd23-sgo.infd.edu.ar\/sitio\/wp-json\/wp\/v2\/users\/12"}],"replies":[{"embeddable":true,"href":"https:\/\/ifd23-sgo.infd.edu.ar\/sitio\/wp-json\/wp\/v2\/comments?post=2898"}],"version-history":[{"count":5,"href":"https:\/\/ifd23-sgo.infd.edu.ar\/sitio\/wp-json\/wp\/v2\/pages\/2898\/revisions"}],"predecessor-version":[{"id":3303,"href":"https:\/\/ifd23-sgo.infd.edu.ar\/sitio\/wp-json\/wp\/v2\/pages\/2898\/revisions\/3303"}],"wp:attachment":[{"href":"https:\/\/ifd23-sgo.infd.edu.ar\/sitio\/wp-json\/wp\/v2\/media?parent=2898"}],"curies":[{"name":"wp","href":"https:\/\/api.w.org\/{rel}","templated":true}]}}