{"id":2741,"date":"2024-02-15T19:27:35","date_gmt":"2024-02-15T22:27:35","guid":{"rendered":"https:\/\/ifd23-sgo.infd.edu.ar\/sitio\/?page_id=2741"},"modified":"2025-05-21T22:04:49","modified_gmt":"2025-05-22T01:04:49","slug":"horario-profesorado-de-educacion-secundaria-en-economia","status":"publish","type":"page","link":"https:\/\/ifd23-sgo.infd.edu.ar\/sitio\/horario-profesorado-de-educacion-secundaria-en-economia\/","title":{"rendered":"PROFESORADO de Educaci\u00f3n Secundaria en Econom\u00eda"},"content":{"rendered":"\n<p class=\"has-text-align-center has-contrast-color has-blush-bordeaux-gradient-background has-text-color has-background has-x-large-font-size\">EN PREPARACI\u00d3N<\/p>\n\n\n\n<div class=\"wp-block-group has-medium-font-size is-layout-constrained\"><div class=\"wp-block-group__inner-container\">\n<p class=\"has-text-align-center has-background has-medium-font-size\" style=\"background:radial-gradient(rgb(255,245,203) 0%,rgb(182,227,212) 50%,rgb(51,167,181) 100%)\">PERFIL DE  EGRESADO<\/p>\n<\/div><\/div>\n\n\n\n<div class=\"wp-block-group has-contrast-2-color has-text-color has-background is-layout-constrained\" style=\"background:radial-gradient(rgb(122,220,180) 0%,rgb(0,208,130) 100%)\"><div class=\"wp-block-group__inner-container\">\n<p>El egresado del Profesorado de Educaci\u00f3n Secundaria en Econom\u00eda se caracteriza por ser un profesional integral, preparado para efrentar los desaf\u00edos del \u00e1mbito educativo y del mundo empresarial. Con especial mirada en la realidad local. Este perfil se construye sobre una s\u00f3lida base de competencias puestas en juego en diversos aspectos de aplicaci\u00f3n del conocimiento.<\/p>\n<\/div><\/div>\n\n\n\n<div class=\"wp-block-group has-background is-vertical is-layout-flex wp-container-3\" style=\"background:radial-gradient(rgb(122,220,180) 0%,rgb(0,208,130) 100%)\">\n<p>a) Formaci\u00f3n Acad\u00e9mica Integral:<\/p>\n\n\n\n<ul>\n<li>Aplicar conocimientos s\u00f3lidos en disciplinas econ\u00f3micas como Microeconom\u00eda, Macroeconom\u00eda, Contabilidad, Administraci\u00f3n, Derecho, Comercializaci\u00f3n, Econom\u00eda Social, Cooperativismo, Mutualismo.<\/li>\n\n\n\n<li>Conocer teor\u00edas econ\u00f3micas cl\u00e1sicas y contempor\u00e1neas, con capacidad para adaptarlas al contexto local (econom\u00edas regionales, econom\u00eda familiar y comunitaria, microemprendimientos).<\/li>\n<\/ul>\n\n\n\n<p>b) Capacidades Pedag\u00f3gicas &#8211; Did\u00e1cticas: <\/p>\n\n\n\n<ul>\n<li>Disponer de la habilidad para dise\u00f1ar y ejecutar estrategias pedag\u00f3gicas efectivas.<\/li>\n\n\n\n<li>Enfocar su desempe\u00f1o hacia el aprendizaje significativo y el desarrollo del pensamiento cr\u00edtico de los estudiantes en el an\u00e1lisis de problemas econ\u00f3micos.<\/li>\n\n\n\n<li>Dise\u00f1ar proyectos pedag\u00f3gicos interdisciplinarios que vinculen la econom\u00eda con problem\u00e1ticas locales (ej: uso sostenible de recursos naturales, emprendedurismo en zonas urbanas y rurales).<\/li>\n\n\n\n<li>Utilizar metodolog\u00edas activas (ABP, aprendizaje-servicio, clase invertida) para conectar el aula con iniciativas comunitarias, como ferias de emprededores o cooperativas escolares.<\/li>\n\n\n\n<li>Promover la educaci\u00f3n financiera en el aula, brindando herramientas para la toma de decisiones responsables en el \u00e1mbito personal y laboral.<\/li>\n\n\n\n<li>Dise\u00f1ar propuestas pedag\u00f3gicas orientadas al desarrollo de habilidades econ\u00f3mmicas, somo la elaboraci\u00f3n de presupuestos, la planificaci\u00f3n de inversiones y la comprensi\u00f3n del sistema tributario.<\/li>\n\n\n\n<li>Incorporar enfoques de g\u00e9nero y diversidad cultural en el an\u00e1lisis de las din\u00e1micas econ\u00f3micas locales.<\/li>\n\n\n\n<li>Atender la diversidad y grantizar una educaci\u00f3n inclusiva y con equidad utilizando recursos did\u00e1cticos innovadores en el aula.<\/li>\n<\/ul>\n\n\n\n<p>c) Uso de las Tecnolog\u00edas de la Informaci\u00f3n y Comunicaci\u00f3n (TIC):<\/p>\n\n\n\n<ul>\n<li>Integrar de manera significativamente las Tecnolog\u00edas de la Informaci\u00f3n y la Comunicaci\u00f3n (TIC) en la pr\u00e1ctica educativa para enriquecer los procesos de ense\u00f1anza y de aprendizaje.<\/li>\n\n\n\n<li>Promover el uso cr\u00edtico de estas tecnolog\u00edas.<\/li>\n<\/ul>\n\n\n\n<p>d) Adaptabilidad al Sector Empresarial y Comunitario:<\/p>\n\n\n\n<ul>\n<li>Desarrollar la capacidad para incorporarse en empresas, aportando conocimientos especializados en diversas \u00e1reas econ\u00f3micas.<\/li>\n\n\n\n<li>Contribuir con habilidades en administraci\u00f3n y gesti\u00f3n que aporten al desarrollo organizacional.<\/li>\n\n\n\n<li>Participar en proyectos de desrrollo socioecon\u00f3mico con organizaciones de la sociedad civil.<\/li>\n<\/ul>\n\n\n\n<p>e) Emprendimiento:<\/p>\n\n\n\n<ul>\n<li>Disponer de una perspectiva cr\u00edtica sobre la realidad econ\u00f3mica y social, con un compromiso hacia el desarrollo de la comunidad.<\/li>\n<\/ul>\n\n\n\n<p>f) Enfoque Cr\u00edtico y Proactivo:<\/p>\n\n\n\n<ul>\n<li>Disponer de una perspectiva cr\u00edtica sobre la realidad econ\u00f3mica y social, con un compromiso hacia el desarrollo de la comunidad.<\/li>\n<\/ul>\n\n\n\n<p>g) Versatilidad Profesional:<\/p>\n\n\n\n<ul>\n<li>Poseer la capacidad para desempe\u00f1arse en m\u00faltiples contextos laborales, tanto en el \u00e1mbito educativo como en otras instituciones del Estado, como as\u00ed tambien en \u00e1mbito empresarial y en organizaciones de la sociedad civil.<\/li>\n<\/ul>\n\n\n\n<p><\/p>\n\n\n\n<p><\/p>\n<\/div>\n\n\n\n<p><\/p>\n","protected":false},"excerpt":{"rendered":"<p>EN PREPARACI\u00d3N PERFIL DE EGRESADO El egresado del Profesorado de Educaci\u00f3n Secundaria en Econom\u00eda se caracteriza por ser un profesional integral, preparado para efrentar los desaf\u00edos del \u00e1mbito educativo y del mundo empresarial. Con especial mirada en la realidad local. Este perfil se construye sobre una s\u00f3lida base de competencias puestas en juego en diversos &#8230; <a title=\"PROFESORADO de Educaci\u00f3n Secundaria en Econom\u00eda\" class=\"read-more\" href=\"https:\/\/ifd23-sgo.infd.edu.ar\/sitio\/horario-profesorado-de-educacion-secundaria-en-economia\/\" aria-label=\"More on PROFESORADO de Educaci\u00f3n Secundaria en Econom\u00eda\">[+]<\/a><\/p>\n","protected":false},"author":12,"featured_media":0,"parent":0,"menu_order":0,"comment_status":"closed","ping_status":"closed","template":"","meta":[],"acf":[],"_links":{"self":[{"href":"https:\/\/ifd23-sgo.infd.edu.ar\/sitio\/wp-json\/wp\/v2\/pages\/2741"}],"collection":[{"href":"https:\/\/ifd23-sgo.infd.edu.ar\/sitio\/wp-json\/wp\/v2\/pages"}],"about":[{"href":"https:\/\/ifd23-sgo.infd.edu.ar\/sitio\/wp-json\/wp\/v2\/types\/page"}],"author":[{"embeddable":true,"href":"https:\/\/ifd23-sgo.infd.edu.ar\/sitio\/wp-json\/wp\/v2\/users\/12"}],"replies":[{"embeddable":true,"href":"https:\/\/ifd23-sgo.infd.edu.ar\/sitio\/wp-json\/wp\/v2\/comments?post=2741"}],"version-history":[{"count":12,"href":"https:\/\/ifd23-sgo.infd.edu.ar\/sitio\/wp-json\/wp\/v2\/pages\/2741\/revisions"}],"predecessor-version":[{"id":3105,"href":"https:\/\/ifd23-sgo.infd.edu.ar\/sitio\/wp-json\/wp\/v2\/pages\/2741\/revisions\/3105"}],"wp:attachment":[{"href":"https:\/\/ifd23-sgo.infd.edu.ar\/sitio\/wp-json\/wp\/v2\/media?parent=2741"}],"curies":[{"name":"wp","href":"https:\/\/api.w.org\/{rel}","templated":true}]}}