{"id":1611,"date":"2021-05-19T21:58:15","date_gmt":"2021-05-20T00:58:15","guid":{"rendered":"https:\/\/ifd23-sgo.infd.edu.ar\/sitio\/?page_id=1611"},"modified":"2024-06-27T23:03:54","modified_gmt":"2024-06-28T02:03:54","slug":"efemerides","status":"publish","type":"page","link":"https:\/\/ifd23-sgo.infd.edu.ar\/sitio\/biblioteca\/efemerides\/","title":{"rendered":"ACTOS ESCOLARES"},"content":{"rendered":"\n<h4 class=\"wp-block-heading has-small-font-size\"><em><strong><span style=\"color: #33cccc;\">\u00abEFEM\u00c9RIDES ARGENTINAS\u00bb<\/span><\/strong><\/em><\/h4>\n\n\n\n<h5 class=\"wp-block-heading has-small-font-size\">El trabajo con las efem\u00e9rides&nbsp; en la escuela significa acercar a nuestros alumnos a la historia de la humanidad y sus logros. Recordar a nuestros pr\u00f3ceres y sus acciones heroicas, conmemorar el d\u00eda de una actividad en particular e investigarla, utilizar los d\u00edas en conmemoraci\u00f3n a los diversos tipos de derechos que existen y contarles a ellos sobre su existencia e importancia. Por eso afirmamos que trabajar con las efem\u00e9rides en la escuela no es una tarea peque\u00f1a ni f\u00e1cil, significa acompa\u00f1ar a nuestros alumnos hacia la reflexi\u00f3n y el an\u00e1lisis de la cultura que los rodea.<\/h5>\n\n\n<div class=\"wp-block-image\">\n<figure class=\"aligncenter\"><img decoding=\"async\" loading=\"lazy\" width=\"234\" height=\"216\" src=\"https:\/\/ifd23-sgo.infd.edu.ar\/sitio\/wp-content\/uploads\/2021\/05\/IMAGEN-PARA-WEB-EFEMERIDES.jpg\" alt=\"\" class=\"wp-image-1612\"\/><\/figure><\/div>\n\n\n<h5 class=\"wp-block-heading has-small-font-size\">Una efem\u00e9ride es un acontecimiento notable que se recuerda y se conmemora anualmente. La O.N.U., gobiernos y otras instituciones han establecido fechas a lo largo del a\u00f1o para conmemorar valores, buenos h\u00e1bitos y acontecimientos que valen la pena ser celebrados para sensibilizar y concientizar a la poblaci\u00f3n sobre ellos.<\/h5>\n\n\n\n<h5 class=\"wp-block-heading has-small-font-size\">Las efem\u00e9rides o conmemoraciones escolares ofrecen la oportunidad de repensar la historia y el presente, de discutir los rituales y las versiones del pasado que nos han legado, de construir un debate sobre las herencias y los horizontes; en s\u00edntesis, de pensar juntos la vida en com\u00fan.<\/h5>\n\n\n\n<h3 class=\"wp-block-heading\"><\/h3>\n\n\n\n<div class=\"wp-block-columns is-layout-flex wp-container-7\">\n<div class=\"wp-block-column is-layout-flow\">\n<div class=\"wp-block-buttons is-content-justification-center is-layout-flex wp-container-1\">\n<div class=\"wp-block-button has-custom-font-size is-style-fill has-small-font-size\"><a class=\"wp-block-button__link has-contrast-color has-blush-bordeaux-gradient-background has-text-color has-background wp-element-button\" href=\"https:\/\/ifd23-sgo.infd.edu.ar\/sitio\/mes-de-abril\/\" target=\"_blank\" rel=\"noreferrer noopener\">MES ABRIL<\/a><\/div>\n<\/div>\n<\/div>\n\n\n\n<div class=\"wp-block-column is-layout-flow\">\n<div class=\"wp-block-buttons is-content-justification-center is-layout-flex wp-container-3\">\n<div class=\"wp-block-button has-custom-font-size is-style-fill has-small-font-size\"><a class=\"wp-block-button__link has-contrast-color has-blush-bordeaux-gradient-background has-text-color has-background wp-element-button\" href=\"https:\/\/ifd23-sgo.infd.edu.ar\/sitio\/mes-de-mayo\/\" target=\"_blank\" rel=\"noreferrer noopener\">MES MAYO<\/a><\/div>\n<\/div>\n<\/div>\n\n\n\n<div class=\"wp-block-column is-layout-flow\">\n<div class=\"wp-block-buttons is-content-justification-center is-layout-flex wp-container-5\">\n<div class=\"wp-block-button has-custom-font-size is-style-fill has-small-font-size\"><a class=\"wp-block-button__link has-contrast-color has-blush-bordeaux-gradient-background has-text-color has-background wp-element-button\" href=\"https:\/\/ifd23-sgo.infd.edu.ar\/sitio\/mes-de-junio\/\" target=\"_blank\" rel=\"noreferrer noopener\">MES JUNIO<\/a><\/div>\n<\/div>\n<\/div>\n<\/div>\n\n\n\n<div class=\"wp-block-columns is-layout-flex wp-container-14\">\n<div class=\"wp-block-column is-layout-flow\">\n<div class=\"wp-block-buttons is-content-justification-center is-layout-flex wp-container-8\">\n<div class=\"wp-block-button has-custom-font-size has-small-font-size\"><a class=\"wp-block-button__link has-contrast-color has-blush-bordeaux-gradient-background has-text-color has-background has-text-align-center wp-element-button\" href=\"https:\/\/ifd23-sgo.infd.edu.ar\/sitio\/mes-de-julio\/\" target=\"_blank\" rel=\"noreferrer noopener\">MES JULIO<\/a><\/div>\n<\/div>\n<\/div>\n\n\n\n<div class=\"wp-block-column is-layout-flow\">\n<div class=\"wp-block-buttons is-content-justification-center is-layout-flex wp-container-10\">\n<div class=\"wp-block-button has-custom-font-size has-small-font-size\"><a class=\"wp-block-button__link has-contrast-color has-blush-bordeaux-gradient-background has-text-color has-background has-text-align-center wp-element-button\" href=\"https:\/\/ifd23-sgo.infd.edu.ar\/sitio\/mes-de-agosto\/\" target=\"_blank\" rel=\"noreferrer noopener\">MES AGOSTO<\/a><\/div>\n<\/div>\n<\/div>\n\n\n\n<div class=\"wp-block-column is-layout-flow\">\n<div class=\"wp-block-buttons is-content-justification-center is-layout-flex wp-container-12\">\n<div class=\"wp-block-button has-custom-font-size has-small-font-size\"><a class=\"wp-block-button__link has-contrast-color has-blush-bordeaux-gradient-background has-text-color has-background has-text-align-center wp-element-button\" href=\"https:\/\/ifd23-sgo.infd.edu.ar\/sitio\/mes-de-septiembre\/\" target=\"_blank\" rel=\"noreferrer noopener\">MES SEPTIEMBRE<\/a><\/div>\n<\/div>\n<\/div>\n<\/div>\n\n\n\n<div class=\"wp-block-columns is-layout-flex wp-container-21\">\n<div class=\"wp-block-column is-layout-flow\">\n<div class=\"wp-block-buttons is-content-justification-center is-layout-flex wp-container-15\">\n<div class=\"wp-block-button has-custom-font-size has-small-font-size\"><a class=\"wp-block-button__link has-contrast-color has-blush-bordeaux-gradient-background has-text-color has-background has-text-align-center wp-element-button\" href=\"https:\/\/ifd23-sgo.infd.edu.ar\/sitio\/mes-de-octubre\/\" target=\"_blank\" rel=\"noreferrer noopener\">MES OCTUBRE<\/a><\/div>\n<\/div>\n<\/div>\n\n\n\n<div class=\"wp-block-column is-layout-flow\">\n<div class=\"wp-block-buttons is-content-justification-center is-layout-flex wp-container-17\">\n<div class=\"wp-block-button has-custom-font-size has-small-font-size\"><a class=\"wp-block-button__link has-contrast-color has-blush-bordeaux-gradient-background has-text-color has-background has-text-align-center wp-element-button\" href=\"https:\/\/ifd23-sgo.infd.edu.ar\/sitio\/mes-de-noviembre\/\" target=\"_blank\" rel=\"noreferrer noopener\">MES NOVIEMBRE<\/a><\/div>\n<\/div>\n<\/div>\n\n\n\n<div class=\"wp-block-column is-layout-flow\">\n<div class=\"wp-block-buttons is-content-justification-center is-layout-flex wp-container-19\">\n<div class=\"wp-block-button has-custom-font-size has-small-font-size\"><a class=\"wp-block-button__link has-contrast-color has-blush-bordeaux-gradient-background has-text-color has-background has-text-align-center wp-element-button\" href=\"https:\/\/ifd23-sgo.infd.edu.ar\/sitio\/mes-de-diciembre\/\" target=\"_blank\" rel=\"noreferrer noopener\">MES DICIEMBRE<\/a><\/div>\n<\/div>\n<\/div>\n<\/div>\n\n\n\n<p><em><span style=\"color: #003366;\"><strong>&nbsp; <\/strong><\/span><\/em><\/p>\n","protected":false},"excerpt":{"rendered":"<p>\u00abEFEM\u00c9RIDES ARGENTINAS\u00bb El trabajo con las efem\u00e9rides&nbsp; en la escuela significa acercar a nuestros alumnos a la historia de la humanidad y sus logros. Recordar a nuestros pr\u00f3ceres y sus acciones heroicas, conmemorar el d\u00eda de una actividad en particular e investigarla, utilizar los d\u00edas en conmemoraci\u00f3n a los diversos tipos de derechos que existen &#8230; <a title=\"ACTOS ESCOLARES\" class=\"read-more\" href=\"https:\/\/ifd23-sgo.infd.edu.ar\/sitio\/biblioteca\/efemerides\/\" aria-label=\"More on ACTOS ESCOLARES\">[+]<\/a><\/p>\n","protected":false},"author":12,"featured_media":0,"parent":1166,"menu_order":3,"comment_status":"closed","ping_status":"closed","template":"","meta":[],"acf":[],"_links":{"self":[{"href":"https:\/\/ifd23-sgo.infd.edu.ar\/sitio\/wp-json\/wp\/v2\/pages\/1611"}],"collection":[{"href":"https:\/\/ifd23-sgo.infd.edu.ar\/sitio\/wp-json\/wp\/v2\/pages"}],"about":[{"href":"https:\/\/ifd23-sgo.infd.edu.ar\/sitio\/wp-json\/wp\/v2\/types\/page"}],"author":[{"embeddable":true,"href":"https:\/\/ifd23-sgo.infd.edu.ar\/sitio\/wp-json\/wp\/v2\/users\/12"}],"replies":[{"embeddable":true,"href":"https:\/\/ifd23-sgo.infd.edu.ar\/sitio\/wp-json\/wp\/v2\/comments?post=1611"}],"version-history":[{"count":28,"href":"https:\/\/ifd23-sgo.infd.edu.ar\/sitio\/wp-json\/wp\/v2\/pages\/1611\/revisions"}],"predecessor-version":[{"id":3031,"href":"https:\/\/ifd23-sgo.infd.edu.ar\/sitio\/wp-json\/wp\/v2\/pages\/1611\/revisions\/3031"}],"up":[{"embeddable":true,"href":"https:\/\/ifd23-sgo.infd.edu.ar\/sitio\/wp-json\/wp\/v2\/pages\/1166"}],"wp:attachment":[{"href":"https:\/\/ifd23-sgo.infd.edu.ar\/sitio\/wp-json\/wp\/v2\/media?parent=1611"}],"curies":[{"name":"wp","href":"https:\/\/api.w.org\/{rel}","templated":true}]}}