{"id":1430,"date":"2020-10-17T03:38:15","date_gmt":"2020-10-17T06:38:15","guid":{"rendered":"https:\/\/ifd23-sgo.infd.edu.ar\/sitio\/?page_id=1430"},"modified":"2025-09-03T19:25:31","modified_gmt":"2025-09-03T22:25:31","slug":"bedeles","status":"publish","type":"page","link":"https:\/\/ifd23-sgo.infd.edu.ar\/sitio\/bedeles\/","title":{"rendered":"BEDELES"},"content":{"rendered":"<h4><strong>Nuestra misi\u00f3n es:<\/strong><\/h4>\n<p>Acompa\u00f1arte a lo largo de tu carrera realizando tareas que competen con el quehacer de tu permanencia en la instituci\u00f3n como estudiante; algunas de ellas son:<\/p>\n<ul>\n<li>Efectuar diariamente el control de asistencia\u00a0 en el aula y\/o aulas externas seg\u00fan el espacio curricular.<\/li>\n<li>Confeccionar planillas con la nomina de alumnos que han superado el limite de inasistencias por asignatura, con la periodicidad que las autoridades lo determinen. Elevar estad\u00edstica de asistencia media de los alumnos, fiscalizando la superposici\u00f3n de horarios que se produzcan en las c\u00e1tedras , por parte de los mismos. comunicar a los alumnos las modificaciones y cambios de horarios.<\/li>\n<li>Colaborar en la inscripci\u00f3n de alumnos para los distintos turnos de\u00a0 ex\u00e1menes, atender la tramitaci\u00f3n de constancias y\/o certificados de asistencia a ex\u00e1menes, horarios de clase y cualquier otra justificaci\u00f3n que soliciten.<\/li>\n<li>Suministrar a los docentes planillas con nomina de alumnos actualizada para el volcado de informaci\u00f3n acad\u00e9mica.<\/li>\n<\/ul>\n<hr \/>\n<h5 style=\"text-align: center;\"><\/h5>\n<h5 style=\"text-align: center;\"><\/h5>\n","protected":false},"excerpt":{"rendered":"<p>Nuestra misi\u00f3n es: Acompa\u00f1arte a lo largo de tu carrera realizando tareas que competen con el quehacer de tu permanencia en la instituci\u00f3n como estudiante; algunas de ellas son: Efectuar diariamente el control de asistencia\u00a0 en el aula y\/o aulas externas seg\u00fan el espacio curricular. Confeccionar planillas con la nomina de alumnos que han superado &#8230; <a title=\"BEDELES\" class=\"read-more\" href=\"https:\/\/ifd23-sgo.infd.edu.ar\/sitio\/bedeles\/\" aria-label=\"More on BEDELES\">[+]<\/a><\/p>\n","protected":false},"author":12,"featured_media":0,"parent":0,"menu_order":0,"comment_status":"closed","ping_status":"closed","template":"","meta":[],"acf":[],"_links":{"self":[{"href":"https:\/\/ifd23-sgo.infd.edu.ar\/sitio\/wp-json\/wp\/v2\/pages\/1430"}],"collection":[{"href":"https:\/\/ifd23-sgo.infd.edu.ar\/sitio\/wp-json\/wp\/v2\/pages"}],"about":[{"href":"https:\/\/ifd23-sgo.infd.edu.ar\/sitio\/wp-json\/wp\/v2\/types\/page"}],"author":[{"embeddable":true,"href":"https:\/\/ifd23-sgo.infd.edu.ar\/sitio\/wp-json\/wp\/v2\/users\/12"}],"replies":[{"embeddable":true,"href":"https:\/\/ifd23-sgo.infd.edu.ar\/sitio\/wp-json\/wp\/v2\/comments?post=1430"}],"version-history":[{"count":19,"href":"https:\/\/ifd23-sgo.infd.edu.ar\/sitio\/wp-json\/wp\/v2\/pages\/1430\/revisions"}],"predecessor-version":[{"id":3217,"href":"https:\/\/ifd23-sgo.infd.edu.ar\/sitio\/wp-json\/wp\/v2\/pages\/1430\/revisions\/3217"}],"wp:attachment":[{"href":"https:\/\/ifd23-sgo.infd.edu.ar\/sitio\/wp-json\/wp\/v2\/media?parent=1430"}],"curies":[{"name":"wp","href":"https:\/\/api.w.org\/{rel}","templated":true}]}}