{"id":1299,"date":"2020-09-27T18:54:03","date_gmt":"2020-09-27T21:54:03","guid":{"rendered":"https:\/\/ifd23-sgo.infd.edu.ar\/sitio\/?page_id=1299"},"modified":"2026-03-18T22:42:15","modified_gmt":"2026-03-19T01:42:15","slug":"estructura-curricular","status":"publish","type":"page","link":"https:\/\/ifd23-sgo.infd.edu.ar\/sitio\/estructura-curricular\/","title":{"rendered":"Estructuras Curriculares"},"content":{"rendered":"\n<p><\/p>\n\n\n\n<div class=\"wp-block-group alignwide is-layout-constrained\"><div class=\"wp-block-group__inner-container\">\n<p class=\"has-text-align-center has-small-font-size\"><strong>PRIMER A\u00d1O (1120 horas c\u00e1tedra \/ 747 horas reloj)<\/strong><\/p>\n\n\n\n<figure class=\"wp-block-table alignfull is-style-regular has-small-font-size\"><table class=\"has-blush-light-purple-gradient-background has-background\"><thead><tr><th class=\"has-text-align-center\" data-align=\"center\">CAMPOS<\/th><th>UNIDADES CURRICULARES<\/th><th class=\"has-text-align-left\" data-align=\"left\">TIPO<\/th><th class=\"has-text-align-left\" data-align=\"left\">REGIMEN DE CURSADA<\/th><th class=\"has-text-align-left\" data-align=\"left\">HORA CATEDRA<br>SEMANAL<\/th><th class=\"has-text-align-left\" data-align=\"left\">HORA RELOJ<br>SEMANAL<\/th><th class=\"has-text-align-left\" data-align=\"left\">TOTAL HS CATEDRAS<\/th><th>TOTAL HS RELOJ<\/th><\/tr><\/thead><tbody><tr><td class=\"has-text-align-center\" data-align=\"center\"><strong>Formaci\u00f3n General<\/strong><br>(416 hs c\u00e1tedra \/ <br>277 hs 20  min reloj)<\/td><td>&#8211; Pedagog\u00eda<br>&#8211; Psicolog\u00eda Educacional<br>&#8211; Alfabetizaci\u00f3n Acad\u00e9mica<br>&#8211; Historia Argentina y Latinoamericana<br>&#8211; Historia de la Educaci\u00f3n y Pol\u00edtica Educacional Argentina<br> <\/td><td class=\"has-text-align-left\" data-align=\"left\">Materia<br>Materia<br>Taller<br>Materia<br>Materia<br><br><\/td><td class=\"has-text-align-left\" data-align=\"left\">&#8211; 1er Cuat<br>&#8211; 2do Cuat<br>&#8211; Anual<br>&#8211; 1er Cuat<br>&#8211; 2do Cuat<br><br><\/td><td class=\"has-text-align-left\" data-align=\"left\">6 hs<br>6 hs<br>3 hs<br>4 hs<br>4 hs<br><br><\/td><td class=\"has-text-align-left\" data-align=\"left\">4 hs<br>4 hs<br>2 hs<br>2 hs 40 min<br>2 hs 40 min<br><br><\/td><td class=\"has-text-align-left\" data-align=\"left\">96<br>96<br>96<br>64<br>64<br><br><\/td><td>64<br>64<br>64<br>42h 40m<br>42h 40m<br><br><\/td><\/tr><tr><td class=\"has-text-align-center\" data-align=\"center\"><strong>Formaci\u00f3n en la Pr\u00e1ctica Profesional <\/strong><br>(128 hs c\u00e1tedra \/<br> 85 hs 20 min reloj)<\/td><td>&#8211; Pr\u00e1ctica I: La Instituci\u00f3n Educativa<\/td><td class=\"has-text-align-left\" data-align=\"left\">Taller<\/td><td class=\"has-text-align-left\" data-align=\"left\">Anual<\/td><td class=\"has-text-align-left\" data-align=\"left\">4 hs<\/td><td class=\"has-text-align-left\" data-align=\"left\">2hs 40 min<\/td><td class=\"has-text-align-left\" data-align=\"left\">128<\/td><td>85hs 20 m<\/td><\/tr><tr><td class=\"has-text-align-center\" data-align=\"center\"><strong>Formaci\u00f3n Espec\u00edfica <\/strong><br>(576 hs c\u00e1tedra \/<br>384 hs reloj)<\/td><td>&#8211; Principios de Econom\u00eda<br>&#8211; Matem\u00e1tica I<br>&#8211; Contabilidad I<br>&#8211; Introducci\u00f3n al Derecho<br>&#8211; Matem\u00e1tica II<\/td><td class=\"has-text-align-left\" data-align=\"left\">Materia <br>Materia<br>Materia<br>Materia<br>Materia<\/td><td class=\"has-text-align-left\" data-align=\"left\">Anual<br>1er cuat<br>Anual<br>Anual<br>2do Cuat<\/td><td class=\"has-text-align-left\" data-align=\"left\">5 hs<br>6 hs<br>4 hs<br>3 hs<br>6 hs<\/td><td class=\"has-text-align-left\" data-align=\"left\">3 hs 20 min<br>4 hs<br>2 hs 40 min<br>2 hs<br>4 hs<\/td><td class=\"has-text-align-left\" data-align=\"left\">160<br>96<br>128<br>96<br>96<\/td><td>107<br>64<br>85hs 20m<br>64<br>64<\/td><\/tr><\/tbody><\/table><\/figure>\n\n\n\n<p class=\"has-text-align-center has-small-font-size\"><strong>SEGUNDO A\u00d1O (1152 horas c\u00e1tedra \/ 768 horas reloj)<\/strong><\/p>\n\n\n\n<figure class=\"wp-block-table alignwide is-style-regular has-small-font-size\"><table class=\"has-very-light-gray-to-cyan-bluish-gray-gradient-background has-background\"><thead><tr><th class=\"has-text-align-center\" data-align=\"center\">Campo<\/th><th class=\"has-text-align-left\" data-align=\"left\">Unidades Curriculares<\/th><th>Tipo<\/th><th class=\"has-text-align-center\" data-align=\"center\">Regimen de cursada<\/th><th class=\"has-text-align-center\" data-align=\"center\">Hs. C\u00e1tedras semanal<\/th><th class=\"has-text-align-center\" data-align=\"center\">Hs. reloj semanal<\/th><th class=\"has-text-align-center\" data-align=\"center\">Total hs. c\u00e1tedr<\/th><th class=\"has-text-align-left\" data-align=\"left\">Total hs. reloj<\/th><\/tr><\/thead><tbody><tr><td class=\"has-text-align-center\" data-align=\"center\"><strong>Formaci\u00f3n General<\/strong><br>(256 hs c\u00e1tedra \/ <br>170 hs 40  min reloj)<\/td><td class=\"has-text-align-left\" data-align=\"left\">&#8211; Sociolog\u00eda de la Educaci\u00f3n<br>&#8211; Tecnolog\u00eda de la Informaci\u00f3n y la Comunicaci\u00f3n<br>&#8211; Did\u00e1ctica General <br><br><\/td><td>Materia<br>Taller<br><br>Materia<br><br><br><\/td><td class=\"has-text-align-center\" data-align=\"center\"> 1er Cuat<br> 2do Cuat<br><br>Anual<br><br><br><\/td><td class=\"has-text-align-center\" data-align=\"center\">4 hs<br>4 hs<br><br>4 hs<br><br><br><\/td><td class=\"has-text-align-center\" data-align=\"center\">2 hs 40 min<br>2 hs 40 min<br><br>2 hs 40 min<br><br><br><\/td><td class=\"has-text-align-center\" data-align=\"center\">64<br>64<br><br>128<br><br><br><\/td><td class=\"has-text-align-left\" data-align=\"left\">42h 40m<br>42h 40m<br><br>85h 20m<br> <br><br>  <\/td><\/tr><tr><td class=\"has-text-align-center\" data-align=\"center\"><strong>Formaci\u00f3n en la Pr\u00e1ctica Profesional <\/strong><br>(128 hs c\u00e1tedra \/<br> 85 hs 20 min reloj)<\/td><td class=\"has-text-align-left\" data-align=\"left\">&#8211; Pr\u00e1ctica II: Curriculum, sujetos y contextos<\/td><td>Taller<\/td><td class=\"has-text-align-center\" data-align=\"center\">Anual<\/td><td class=\"has-text-align-center\" data-align=\"center\">4 hs<\/td><td class=\"has-text-align-center\" data-align=\"center\">2hs 40 min<\/td><td class=\"has-text-align-center\" data-align=\"center\">128<\/td><td class=\"has-text-align-left\" data-align=\"left\">85h 20m<\/td><\/tr><tr><td class=\"has-text-align-center\" data-align=\"center\"><strong>Formaci\u00f3n Espec\u00edfica <\/strong><br>(576 hs c\u00e1tedra \/<br>384 hs reloj)<\/td><td class=\"has-text-align-left\" data-align=\"left\">&#8211; Administraci\u00f3n I<br>&#8211; Microeconom\u00eda<br>&#8211; Derecho Empresario<br>&#8211; Estad\u00edstica Descriptiva e           Inferencial<br>&#8211; Contabilidad II<br>&#8211; Sujeto de la Educaci\u00f3n<br><\/td><td>Materia <br>Materia<br>Materia<br>Materia           <br><br>Materia<br>Materia<br><\/td><td class=\"has-text-align-center\" data-align=\"center\">Anual<br>1er cuat<br>Anual<br>Anual<br><br>2do Cuat<br>Anual<br><\/td><td class=\"has-text-align-center\" data-align=\"center\">4 hs<br>6 hs<br>4 hs<br>6 hs<br><br>6 hs<br>4 hs<br><\/td><td class=\"has-text-align-center\" data-align=\"center\">2 hs 40 min<br>4 hs<br>    2 hs 40 min           <br>4 hs<br><br>4 hs<br>2hs 40 min<br><\/td><td class=\"has-text-align-center\" data-align=\"center\"><br>128<br>96<br>128<br>192<br><br>96<br>128<br><br><\/td><td class=\"has-text-align-left\" data-align=\"left\">85h 20m<br>64<br>85h 20m      <br>128<br><br>64<br>85h 20m<br><\/td><\/tr><\/tbody><\/table><\/figure>\n\n\n\n<p class=\"has-text-align-center has-small-font-size\"><strong>TERCER A\u00d1O (1088 horas c\u00e1tedra \/ 725 horas 20 minutos reloj)<\/strong><\/p>\n\n\n\n<figure class=\"wp-block-table alignwide is-style-regular has-small-font-size\"><table class=\"has-pale-ocean-gradient-background has-background\"><thead><tr><th class=\"has-text-align-center\" data-align=\"center\">Campo<\/th><th>Unidades Curriculares<\/th><th>Tipo<\/th><th class=\"has-text-align-center\" data-align=\"center\">Regimen de cursada<\/th><th class=\"has-text-align-center\" data-align=\"center\">Hs. C\u00e1tedras semanal<\/th><th class=\"has-text-align-center\" data-align=\"center\">Hs. reloj semanal<\/th><th class=\"has-text-align-center\" data-align=\"center\">Total hs. c\u00e1tedr<\/th><th class=\"has-text-align-left\" data-align=\"left\">Total hs. reloj<\/th><\/tr><\/thead><tbody><tr><td class=\"has-text-align-center\" data-align=\"center\"><strong>Formaci\u00f3n General<\/strong><br>(192 hs c\u00e1tedra \/ <br>128 hs reloj)<\/td><td><br>&#8211; Filosof\u00eda de la Educaci\u00f3n<br>-Integraci\u00f3n e Inclusi\u00f3n Educativa<br>&#8211; Epistemolog\u00eda de las Ciencias<br><br><\/td><td><br>Materia<br>Taller<br><br>Materia<br><br><br><\/td><td class=\"has-text-align-center\" data-align=\"center\"><br>&#8211; 1er Cuat<br>&#8211; 2do Cuat<br><br>&#8211; 2do Cuat<br><br><br><\/td><td class=\"has-text-align-center\" data-align=\"center\"><br>4 hs<br>4 hs<br><br>4 hs<br><br><br><\/td><td class=\"has-text-align-center\" data-align=\"center\"><br>2 hs 40 min<br>2 hs 40 min<br><br>2 hs 40 min<br><br><br><\/td><td class=\"has-text-align-center\" data-align=\"center\"><br>64<br>64<br><br>64<br><br><br><\/td><td class=\"has-text-align-left\" data-align=\"left\"><br><br>42h 40m <br>42h 40m <br>42h 40m<br><br>42h 40m<br><br><br><\/td><\/tr><tr><td class=\"has-text-align-center\" data-align=\"center\"><strong>Formaci\u00f3n en la Pr\u00e1ctica Profesional <\/strong><br>(192 hs c\u00e1tedra \/<br> 128 hs reloj)<\/td><td>&#8211; Pr\u00e1ctica III: Programaci\u00f3n Did\u00e1ctica<br> y Gesti\u00f3n de Microexp. <br> de Ens. para el Niv. Sec.<\/td><td>Taller<\/td><td class=\"has-text-align-center\" data-align=\"center\">Anual<\/td><td class=\"has-text-align-center\" data-align=\"center\">6 hs<\/td><td class=\"has-text-align-center\" data-align=\"center\">  4<\/td><td class=\"has-text-align-center\" data-align=\"center\">192<\/td><td class=\"has-text-align-left\" data-align=\"left\">  128 <\/td><\/tr><tr><td class=\"has-text-align-center\" data-align=\"center\"><strong>Formaci\u00f3n Espec\u00edfica <\/strong><br>(640 hs c\u00e1tedra \/<br>427 hs reloj)<\/td><td>&#8211; Macroeconom\u00eda<br>&#8211; C\u00e1lculo Financiero<br>&#8211; Administraci\u00f3n II<br>&#8211; Econom\u00eda Financiera<br>&#8211; TIC Aplicada<br>&#8211; Did\u00e1ctica de la Econom\u00eda<br><br><\/td><td>Materia <br>Materia<br>Materia<br>Materia<br>Taller<br>Materia<br><br><\/td><td class=\"has-text-align-center\" data-align=\"center\">1er Cuat<br>1er Cuat<br>2do Cuat<br>2do Cuat<br>Anual<br>Anual<br><br><\/td><td class=\"has-text-align-center\" data-align=\"center\">6 hs<br>6 hs<br>6 hs<br>6 hs<br>4 hs<br>4 hs<br><br><\/td><td class=\"has-text-align-center\" data-align=\"center\">4<br>4 <br>4<br>4<br>2 hs 40 min<br>2 hs 40 min<br><br><\/td><td class=\"has-text-align-center\" data-align=\"center\">96<br>96<br>96<br>96<br>128<br>128<br><br><\/td><td class=\"has-text-align-left\" data-align=\"left\">64<br>64<br>64<br>64<br>85h 20m<br>85h 20m<br><br><\/td><\/tr><\/tbody><\/table><\/figure>\n\n\n\n<p class=\"has-text-align-center has-small-font-size\"><strong>CUARTO A\u00d1O (1024 horas c\u00e1tedra \/ 638 horas 20 min. reloj)<\/strong><\/p>\n\n\n\n<figure class=\"wp-block-table alignwide is-style-regular has-small-font-size\"><table class=\"has-background\" style=\"background:linear-gradient(235deg,rgb(122,220,180) 0%,rgb(0,208,130) 100%)\"><thead><tr><th class=\"has-text-align-center\" data-align=\"center\">Campo<\/th><th>Unidades Curriculares<\/th><th>Tipo<\/th><th class=\"has-text-align-center\" data-align=\"center\">Regimen de cursada<\/th><th class=\"has-text-align-center\" data-align=\"center\">Hs. C\u00e1tedras semanal<\/th><th class=\"has-text-align-center\" data-align=\"center\">Hs. reloj semanal<\/th><th class=\"has-text-align-center\" data-align=\"center\">Total hs. c\u00e1tedr<\/th><th class=\"has-text-align-left\" data-align=\"left\">Total hs. reloj<\/th><\/tr><\/thead><tbody><tr><td class=\"has-text-align-center\" data-align=\"center\"><strong>Formaci\u00f3n General<\/strong><br>(112 hs c\u00e1tedra \/ <br>75 hs reloj)<br><br><\/td><td>&#8211; Educaci\u00f3n Sexual Integral<br>&#8211; Formaci\u00f3n \u00c9tica y Ciudadana<br><br><br><br><br><\/td><td>Taller<br>Materia<br><br><br><br><br><\/td><td class=\"has-text-align-center\" data-align=\"center\">&#8211; 1er Cuat<br>&#8211; 2do Cuat<br><br><br><br><br><\/td><td class=\"has-text-align-center\" data-align=\"center\">3 hs<br>4 hs<br><br><br><br><br><\/td><td class=\"has-text-align-center\" data-align=\"center\">2 hs<br>2 hs 40 min<br><br><br><br><br><\/td><td class=\"has-text-align-center\" data-align=\"center\">48<br>64<br><br><br><br><br><\/td><td class=\"has-text-align-left\" data-align=\"left\">32<br>42hs 40m<br><br><br><br><br> <\/td><\/tr><tr><td class=\"has-text-align-center\" data-align=\"center\"><strong>Formaci\u00f3n en la Pr\u00e1ctica Profesional <\/strong><br>(384 hs c\u00e1tedra \/<br> 256 hs reloj)<\/td><td>&#8211; Pr\u00e1ctica IV: Residencias<br>y Sistematizaci\u00f3n<br>de Experiencias<\/td><td>Taller<\/td><td class=\"has-text-align-center\" data-align=\"center\">Anual<\/td><td class=\"has-text-align-center\" data-align=\"center\">12 hs<\/td><td class=\"has-text-align-center\" data-align=\"center\">8 hs <\/td><td class=\"has-text-align-center\" data-align=\"center\">384<\/td><td class=\"has-text-align-left\" data-align=\"left\">256hs<\/td><\/tr><tr><td class=\"has-text-align-center\" data-align=\"center\"><strong>Formaci\u00f3n Espec\u00edfica <\/strong><br>(416 hs c\u00e1tedra \/<br>277 hs 2o min  reloj)<\/td><td>&#8211; Econom\u00eda y Desarrollo<br>&#8211; Econom\u00eda del Sector P\u00fablico<br>&#8211; Formulaci\u00f3n y Evaluaci\u00f3n de Proyectos<br>-Historia Econ\u00f3mica y Social<\/td><td>Seminario <br>Materia<br>Taller<br><br>Materia<\/td><td class=\"has-text-align-center\" data-align=\"center\">2do Cuat<br>1er cuat<br>Anual<br><br>Anual<\/td><td class=\"has-text-align-center\" data-align=\"center\">6 hs<br>6 hs<br>4 hs<br><br>3 hs<\/td><td class=\"has-text-align-center\" data-align=\"center\">4 hs<br>4 hs<br>2 hs 40 min<br><br>2 hs<\/td><td class=\"has-text-align-center\" data-align=\"center\">96<br>96<br>128<br><br>96<\/td><td class=\"has-text-align-left\" data-align=\"left\">64<br>64<br>85hs 20m<br><br>64<\/td><\/tr><tr><td class=\"has-text-align-center\" data-align=\"center\"><strong>Definici\u00f3n Institucional<\/strong><br>(112 hs c\u00e1tedra \/<br>75 horas reloj)<\/td><td><\/td><td><\/td><td class=\"has-text-align-center\" data-align=\"center\">1er Cuat<br>2do Cuat<\/td><td class=\"has-text-align-center\" data-align=\"center\">4<br>3<\/td><td class=\"has-text-align-center\" data-align=\"center\">2hs 40 min<\/td><td class=\"has-text-align-center\" data-align=\"center\">64<br>48<\/td><td class=\"has-text-align-left\" data-align=\"left\">42h 40 m<br>32<\/td><\/tr><\/tbody><\/table><\/figure>\n<\/div><\/div>\n","protected":false},"excerpt":{"rendered":"<p>PRIMER A\u00d1O (1120 horas c\u00e1tedra \/ 747 horas reloj) CAMPOS UNIDADES CURRICULARES TIPO REGIMEN DE CURSADA HORA CATEDRASEMANAL HORA RELOJSEMANAL TOTAL HS CATEDRAS TOTAL HS RELOJ Formaci\u00f3n General(416 hs c\u00e1tedra \/ 277 hs 20 min reloj) &#8211; Pedagog\u00eda&#8211; Psicolog\u00eda Educacional&#8211; Alfabetizaci\u00f3n Acad\u00e9mica&#8211; Historia Argentina y Latinoamericana&#8211; Historia de la Educaci\u00f3n y Pol\u00edtica Educacional Argentina MateriaMateriaTallerMateriaMateria &#8230; <a title=\"Estructuras Curriculares\" class=\"read-more\" href=\"https:\/\/ifd23-sgo.infd.edu.ar\/sitio\/estructura-curricular\/\" aria-label=\"More on Estructuras Curriculares\">[+]<\/a><\/p>\n","protected":false},"author":12,"featured_media":0,"parent":0,"menu_order":0,"comment_status":"closed","ping_status":"closed","template":"","meta":[],"acf":[],"_links":{"self":[{"href":"https:\/\/ifd23-sgo.infd.edu.ar\/sitio\/wp-json\/wp\/v2\/pages\/1299"}],"collection":[{"href":"https:\/\/ifd23-sgo.infd.edu.ar\/sitio\/wp-json\/wp\/v2\/pages"}],"about":[{"href":"https:\/\/ifd23-sgo.infd.edu.ar\/sitio\/wp-json\/wp\/v2\/types\/page"}],"author":[{"embeddable":true,"href":"https:\/\/ifd23-sgo.infd.edu.ar\/sitio\/wp-json\/wp\/v2\/users\/12"}],"replies":[{"embeddable":true,"href":"https:\/\/ifd23-sgo.infd.edu.ar\/sitio\/wp-json\/wp\/v2\/comments?post=1299"}],"version-history":[{"count":25,"href":"https:\/\/ifd23-sgo.infd.edu.ar\/sitio\/wp-json\/wp\/v2\/pages\/1299\/revisions"}],"predecessor-version":[{"id":3305,"href":"https:\/\/ifd23-sgo.infd.edu.ar\/sitio\/wp-json\/wp\/v2\/pages\/1299\/revisions\/3305"}],"wp:attachment":[{"href":"https:\/\/ifd23-sgo.infd.edu.ar\/sitio\/wp-json\/wp\/v2\/media?parent=1299"}],"curies":[{"name":"wp","href":"https:\/\/api.w.org\/{rel}","templated":true}]}}