{"id":1296,"date":"2020-09-27T18:51:23","date_gmt":"2020-09-27T21:51:23","guid":{"rendered":"https:\/\/ifd23-sgo.infd.edu.ar\/sitio\/?page_id=1296"},"modified":"2022-05-09T22:31:33","modified_gmt":"2022-05-10T01:31:33","slug":"disenos-curriculares","status":"publish","type":"page","link":"https:\/\/ifd23-sgo.infd.edu.ar\/sitio\/disenos-curriculares\/","title":{"rendered":"Proyectos Curriculares"},"content":{"rendered":"\n<p class=\"has-text-align-center has-black-color has-vivid-purple-background-color has-text-color has-background\" style=\"font-size:21px\"><strong>PROYECTO CURRICULAR 2022<\/strong><\/p>\n\n\n\n<div class=\"wp-block-columns is-layout-flex wp-container-7\">\n<div class=\"wp-block-column is-layout-flow\">\n<p class=\"has-text-align-center\"><span class=\"has-inline-color has-vivid-red-color\"><strong>PRIMER A\u00d1O<\/strong><\/span><\/p>\n\n\n\n<p><span class=\"has-inline-color has-vivid-green-cyan-color\">Alfabetizaci\u00f3n Acad\u00e9mica <\/span><\/p>\n\n\n\n<div class=\"wp-block-buttons is-layout-flex\">\n<div class=\"wp-block-button\"><a class=\"wp-block-button__link\"><span class=\"has-inline-color has-white-color\">Descargar ahora<\/span><\/a><\/div>\n<\/div>\n\n\n\n<div class=\"wp-block-buttons is-layout-flex\"><\/div>\n<\/div>\n\n\n\n<div class=\"wp-block-column is-layout-flow\">\n<p class=\"has-text-align-center\"><span class=\"has-inline-color has-vivid-red-color\"><strong>SEGUNDO A\u00d1O<\/strong><\/span><\/p>\n<\/div>\n\n\n\n<div class=\"wp-block-column is-layout-flow\">\n<p class=\"has-text-align-center\"><span class=\"has-inline-color has-vivid-red-color\"><strong>TERCER A\u00d1O<\/strong><\/span><\/p>\n<\/div>\n\n\n\n<div class=\"wp-block-column is-layout-flow\">\n<p class=\"has-text-align-center\"><span class=\"has-inline-color has-vivid-red-color\"><strong>CUARTO A\u00d1O<\/strong><\/span><\/p>\n<\/div>\n<\/div>\n\n\n\n<p class=\"has-text-align-center has-black-color has-text-color has-background\" style=\"background-color:#83a300;font-size:22px\"><strong>PROYECTO CURRICULAR 2021<\/strong><\/p>\n\n\n\n<div class=\"wp-block-columns is-layout-flex wp-container-11\">\n<div class=\"wp-block-column is-layout-flow\">\n<p class=\"has-text-align-center\"><span class=\"has-inline-color has-vivid-red-color\"><strong>PRIMER A\u00d1O<\/strong><\/span><\/p>\n\n\n\n<div class=\"wp-block-file\"><a href=\"https:\/\/ifd23-sgo.infd.edu.ar\/sitio\/wp-content\/uploads\/2021\/11\/Alfabetizacion-Academica-I.pdf\"><strong><em><span class=\"has-inline-color has-vivid-green-cyan-color\">Alfabetizaci\u00f3n Acad\u00e9mica I<\/span><\/em><\/strong><\/a><a href=\"https:\/\/ifd23-sgo.infd.edu.ar\/sitio\/wp-content\/uploads\/2021\/11\/Alfabetizacion-Academica-I.pdf\" class=\"wp-block-file__button\" download>Descarga<\/a><\/div>\n\n\n\n<div class=\"wp-block-file\"><a href=\"https:\/\/ifd23-sgo.infd.edu.ar\/sitio\/wp-content\/uploads\/2021\/11\/Ciencias-Naturales-I-A-y-B.pdf\"><strong><em><span class=\"has-inline-color has-vivid-green-cyan-color\">Ciencias Naturales I <\/span><\/em><\/strong><\/a><a href=\"https:\/\/ifd23-sgo.infd.edu.ar\/sitio\/wp-content\/uploads\/2021\/11\/Ciencias-Naturales-I-A-y-B.pdf\" class=\"wp-block-file__button\" download>Descarga<\/a><\/div>\n\n\n\n<div class=\"wp-block-file\"><a href=\"https:\/\/ifd23-sgo.infd.edu.ar\/sitio\/wp-content\/uploads\/2021\/11\/Ciencias-Sociales-I.pdf\"><strong><em><span class=\"has-inline-color has-vivid-green-cyan-color\">Ciencias Sociales I<\/span><\/em><\/strong><\/a><a href=\"https:\/\/ifd23-sgo.infd.edu.ar\/sitio\/wp-content\/uploads\/2021\/11\/Ciencias-Sociales-I.pdf\" class=\"wp-block-file__button\" download>Descarga<\/a><\/div>\n\n\n\n<div class=\"wp-block-file\"><a href=\"https:\/\/ifd23-sgo.infd.edu.ar\/sitio\/wp-content\/uploads\/2021\/11\/Didactica-General-I-B.pdf\"><strong><em><span class=\"has-inline-color has-vivid-green-cyan-color\">Did\u00e1ctica General I<\/span><\/em><\/strong> <\/a><a href=\"https:\/\/ifd23-sgo.infd.edu.ar\/sitio\/wp-content\/uploads\/2021\/11\/Didactica-General-I-B.pdf\" class=\"wp-block-file__button\" download>Descarga<\/a><\/div>\n\n\n\n<div class=\"wp-block-file\"><a href=\"https:\/\/ifd23-sgo.infd.edu.ar\/sitio\/wp-content\/uploads\/2021\/11\/Expresion-Artistica-Teatro-I.pdf\"><strong><em><span class=\"has-inline-color has-vivid-green-cyan-color\">Expresi\u00f3n Art\u00edstica Teatro I<\/span><\/em><\/strong><\/a><a href=\"https:\/\/ifd23-sgo.infd.edu.ar\/sitio\/wp-content\/uploads\/2021\/11\/Expresion-Artistica-Teatro-I.pdf\" class=\"wp-block-file__button\" download>Descarga<\/a><\/div>\n\n\n\n<div class=\"wp-block-file\"><a href=\"https:\/\/ifd23-sgo.infd.edu.ar\/sitio\/wp-content\/uploads\/2021\/11\/Lengua-y-Literatura-I.pdf\"><strong><em><span class=\"has-inline-color has-vivid-green-cyan-color\">Lengua y Literatura I<\/span><\/em><\/strong><\/a><a href=\"https:\/\/ifd23-sgo.infd.edu.ar\/sitio\/wp-content\/uploads\/2021\/11\/Lengua-y-Literatura-I.pdf\" class=\"wp-block-file__button\" download>Descarga<\/a><\/div>\n\n\n\n<div class=\"wp-block-file\"><a href=\"https:\/\/ifd23-sgo.infd.edu.ar\/sitio\/wp-content\/uploads\/2021\/11\/Matematicas-I.pdf\"><strong><em><span class=\"has-inline-color has-vivid-green-cyan-color\">Matem\u00e1ticas I<\/span><\/em><\/strong><\/a><a href=\"https:\/\/ifd23-sgo.infd.edu.ar\/sitio\/wp-content\/uploads\/2021\/11\/Matematicas-I.pdf\" class=\"wp-block-file__button\" download>Descarga<\/a><\/div>\n\n\n\n<div class=\"wp-block-file\"><a href=\"https:\/\/ifd23-sgo.infd.edu.ar\/sitio\/wp-content\/uploads\/2021\/11\/Pedagogia-I-B.pdf\"><strong><em><span class=\"has-inline-color has-vivid-green-cyan-color\">Pedagog\u00eda I \u00abB\u00bb<\/span><\/em><\/strong><\/a><a href=\"https:\/\/ifd23-sgo.infd.edu.ar\/sitio\/wp-content\/uploads\/2021\/11\/Pedagogia-I-B.pdf\" class=\"wp-block-file__button\" download>Descarga<\/a><\/div>\n\n\n\n<div class=\"wp-block-file\"><a href=\"https:\/\/ifd23-sgo.infd.edu.ar\/sitio\/wp-content\/uploads\/2021\/11\/PRACTICA-I-B.pdf\"><strong><em><span class=\"has-inline-color has-vivid-green-cyan-color\">Pr\u00e1ctica I \u00abB\u00bb<\/span><\/em><\/strong><\/a><a href=\"https:\/\/ifd23-sgo.infd.edu.ar\/sitio\/wp-content\/uploads\/2021\/11\/PRACTICA-I-B.pdf\" class=\"wp-block-file__button\" download>Descarga<\/a><\/div>\n\n\n\n<div class=\"wp-block-file\"><a href=\"https:\/\/ifd23-sgo.infd.edu.ar\/sitio\/wp-content\/uploads\/2021\/11\/PRACTICA-I.pdf\"><em><strong><span class=\"has-inline-color has-vivid-green-cyan-color\">Pr\u00e1ctica I<\/span><\/strong><\/em><\/a><a href=\"https:\/\/ifd23-sgo.infd.edu.ar\/sitio\/wp-content\/uploads\/2021\/11\/PRACTICA-I.pdf\" class=\"wp-block-file__button\" download>Descarga<\/a><\/div>\n\n\n\n<div class=\"wp-block-file\"><a href=\"https:\/\/ifd23-sgo.infd.edu.ar\/sitio\/wp-content\/uploads\/2021\/11\/Probl.-Contemp.-Nivel-Primario-I-A.pdf\"><strong><em><span class=\"has-inline-color has-vivid-green-cyan-color\">Probl. Contemp. Nivel Primario I \u00abA\u00bb<\/span><\/em><\/strong><\/a><a href=\"https:\/\/ifd23-sgo.infd.edu.ar\/sitio\/wp-content\/uploads\/2021\/11\/Probl.-Contemp.-Nivel-Primario-I-A.pdf\" class=\"wp-block-file__button\" download>Descarga<\/a><\/div>\n\n\n\n<div class=\"wp-block-file\"><a href=\"https:\/\/ifd23-sgo.infd.edu.ar\/sitio\/wp-content\/uploads\/2021\/11\/Psicologia-Educacional-I-B.pdf\"><strong><em><span class=\"has-inline-color has-vivid-green-cyan-color\">Psicolog\u00eda Educacional I \u00abB\u00bb<\/span><\/em><\/strong><\/a><a href=\"https:\/\/ifd23-sgo.infd.edu.ar\/sitio\/wp-content\/uploads\/2021\/11\/Psicologia-Educacional-I-B.pdf\" class=\"wp-block-file__button\" download>Descarga<\/a><\/div>\n<\/div>\n\n\n\n<div class=\"wp-block-column is-layout-flow\">\n<p class=\"has-text-align-center\"><strong><span class=\"has-inline-color has-vivid-red-color\">SEGUNDO A\u00d1O<\/span><\/strong><\/p>\n\n\n\n<div class=\"wp-block-file\"><a href=\"https:\/\/ifd23-sgo.infd.edu.ar\/sitio\/wp-content\/uploads\/2021\/11\/Didactica-de-la-Lengua-y-Literatura-II-1.pdf\"><strong><em><span class=\"has-inline-color has-luminous-vivid-amber-color\">Did\u00e1ctica de la Lengua y Literatura II<\/span><\/em><\/strong><\/a><a href=\"https:\/\/ifd23-sgo.infd.edu.ar\/sitio\/wp-content\/uploads\/2021\/11\/Didactica-de-la-Lengua-y-Literatura-II-1.pdf\" class=\"wp-block-file__button\" download>Descarga<\/a><\/div>\n\n\n\n<div class=\"wp-block-file\"><a href=\"https:\/\/ifd23-sgo.infd.edu.ar\/sitio\/wp-content\/uploads\/2021\/11\/Didactica-de-la-Matematica-II-1.pdf\"><strong><em><span class=\"has-inline-color has-luminous-vivid-amber-color\">Did\u00e1ctica de la Matem\u00e1tica II<\/span><\/em><\/strong><\/a><a href=\"https:\/\/ifd23-sgo.infd.edu.ar\/sitio\/wp-content\/uploads\/2021\/11\/Didactica-de-la-Matematica-II-1.pdf\" class=\"wp-block-file__button\" download>Descarga<\/a><\/div>\n\n\n\n<div class=\"wp-block-file\"><a href=\"https:\/\/ifd23-sgo.infd.edu.ar\/sitio\/wp-content\/uploads\/2021\/11\/EDI-Contexto-Socio-Hist.-de-la-Educacion-Rural-II.pdf\"><strong><em><span class=\"has-inline-color has-luminous-vivid-amber-color\">EDI Contexto Socio Hist. de la Educaci\u00f3n Rural II<\/span><\/em><\/strong><\/a><a href=\"https:\/\/ifd23-sgo.infd.edu.ar\/sitio\/wp-content\/uploads\/2021\/11\/EDI-Contexto-Socio-Hist.-de-la-Educacion-Rural-II.pdf\" class=\"wp-block-file__button\" download>Descarga<\/a><\/div>\n\n\n\n<div class=\"wp-block-file\"><a href=\"https:\/\/ifd23-sgo.infd.edu.ar\/sitio\/wp-content\/uploads\/2021\/11\/Educacion-Tecnologica-y-su-Didactica-II.pdf\"><strong><em><span class=\"has-inline-color has-luminous-vivid-amber-color\">Educaci\u00f3n Tecnol\u00f3gica y su Did\u00e1ctica II<\/span><\/em><\/strong><\/a><a href=\"https:\/\/ifd23-sgo.infd.edu.ar\/sitio\/wp-content\/uploads\/2021\/11\/Educacion-Tecnologica-y-su-Didactica-II.pdf\" class=\"wp-block-file__button\" download>Descarga<\/a><\/div>\n\n\n\n<div class=\"wp-block-file\"><a href=\"https:\/\/ifd23-sgo.infd.edu.ar\/sitio\/wp-content\/uploads\/2021\/11\/Historia-Argentina-y-Latinoamericana-II.pdf\"><strong><em><span class=\"has-inline-color has-luminous-vivid-amber-color\">Historia Argentina y Latinoamericana II<\/span><\/em><\/strong><\/a><a href=\"https:\/\/ifd23-sgo.infd.edu.ar\/sitio\/wp-content\/uploads\/2021\/11\/Historia-Argentina-y-Latinoamericana-II.pdf\" class=\"wp-block-file__button\" download>Descarga<\/a><\/div>\n\n\n\n<div class=\"wp-block-file\"><a href=\"https:\/\/ifd23-sgo.infd.edu.ar\/sitio\/wp-content\/uploads\/2021\/11\/PRACTICA-II.pdf\"><strong><em><span class=\"has-inline-color has-luminous-vivid-amber-color\">Pr\u00e1ctica II<\/span><\/em><\/strong><\/a><a href=\"https:\/\/ifd23-sgo.infd.edu.ar\/sitio\/wp-content\/uploads\/2021\/11\/PRACTICA-II.pdf\" class=\"wp-block-file__button\" download>Descarga<\/a><\/div>\n\n\n\n<div class=\"wp-block-file\"><a href=\"https:\/\/ifd23-sgo.infd.edu.ar\/sitio\/wp-content\/uploads\/2021\/11\/Sociologia-de-la-Educacion-II.pdf\"><strong><em><span class=\"has-inline-color has-luminous-vivid-amber-color\">Sociolog\u00eda de la Educaci\u00f3n II<\/span><\/em><\/strong><\/a><a href=\"https:\/\/ifd23-sgo.infd.edu.ar\/sitio\/wp-content\/uploads\/2021\/11\/Sociologia-de-la-Educacion-II.pdf\" class=\"wp-block-file__button\" download>Descarga<\/a><\/div>\n\n\n\n<div class=\"wp-block-file\"><a href=\"https:\/\/ifd23-sgo.infd.edu.ar\/sitio\/wp-content\/uploads\/2021\/11\/Sujeto-Nivel-Primario-II.pdf\"><strong><em><span class=\"has-inline-color has-luminous-vivid-amber-color\">Sujeto Nivel Primario II<\/span><\/em><\/strong><\/a><a href=\"https:\/\/ifd23-sgo.infd.edu.ar\/sitio\/wp-content\/uploads\/2021\/11\/Sujeto-Nivel-Primario-II.pdf\" class=\"wp-block-file__button\" download>Descarga<\/a><\/div>\n<\/div>\n\n\n\n<div class=\"wp-block-column is-layout-flow\">\n<p class=\"has-text-align-center\"><span class=\"has-inline-color has-vivid-red-color\"><strong>TERCER A\u00d1O<\/strong><\/span><\/p>\n\n\n\n<div class=\"wp-block-file\"><a href=\"https:\/\/ifd23-sgo.infd.edu.ar\/sitio\/wp-content\/uploads\/2021\/11\/DIDACTICA-de-las-Ciencias-Naturales-III.pdf\"><strong><em><span class=\"has-inline-color has-vivid-cyan-blue-color\">Did\u00e1ctica de las Ciencias Naturales III<\/span><\/em><\/strong><\/a><a href=\"https:\/\/ifd23-sgo.infd.edu.ar\/sitio\/wp-content\/uploads\/2021\/11\/DIDACTICA-de-las-Ciencias-Naturales-III.pdf\" class=\"wp-block-file__button\" download>Descarga<\/a><\/div>\n\n\n\n<div class=\"wp-block-file\"><a href=\"https:\/\/ifd23-sgo.infd.edu.ar\/sitio\/wp-content\/uploads\/2021\/11\/Didactica-de-las-Ciencias-Sociales-III.pdf\"><strong><em><span class=\"has-inline-color has-vivid-cyan-blue-color\">Did\u00e1ctica de las Ciencias Sociales III<\/span><\/em><\/strong><\/a><a href=\"https:\/\/ifd23-sgo.infd.edu.ar\/sitio\/wp-content\/uploads\/2021\/11\/Didactica-de-las-Ciencias-Sociales-III.pdf\" class=\"wp-block-file__button\" download>Descarga<\/a><\/div>\n\n\n\n<div class=\"wp-block-file\"><a href=\"https:\/\/ifd23-sgo.infd.edu.ar\/sitio\/wp-content\/uploads\/2021\/11\/Expresion-Artisitca-Plastica-III.pdf\"><strong><em><span class=\"has-inline-color has-vivid-cyan-blue-color\">Expresi\u00f3n Art\u00edsitca Pl\u00e1stica III<\/span><\/em><\/strong><\/a><a href=\"https:\/\/ifd23-sgo.infd.edu.ar\/sitio\/wp-content\/uploads\/2021\/11\/Expresion-Artisitca-Plastica-III.pdf\" class=\"wp-block-file__button\" download>Descarga<\/a><\/div>\n\n\n\n<div class=\"wp-block-file\"><a href=\"https:\/\/ifd23-sgo.infd.edu.ar\/sitio\/wp-content\/uploads\/2021\/11\/Educ-Sex-Integral-III.pdf\"><strong><em><span class=\"has-inline-color has-vivid-cyan-blue-color\">Educaci\u00f3n Sexual Integral III<\/span><\/em><\/strong><\/a><a href=\"https:\/\/ifd23-sgo.infd.edu.ar\/sitio\/wp-content\/uploads\/2021\/11\/Educ-Sex-Integral-III.pdf\" class=\"wp-block-file__button\" download>Descarga<\/a><\/div>\n\n\n\n<div class=\"wp-block-file\"><a href=\"https:\/\/ifd23-sgo.infd.edu.ar\/sitio\/wp-content\/uploads\/2021\/11\/Literatura-Infantil-y-Juvenil-III.pdf\"><strong><em><span class=\"has-inline-color has-vivid-cyan-blue-color\">Literatura Infantil y Juvenil III<\/span><\/em><\/strong><\/a><a href=\"https:\/\/ifd23-sgo.infd.edu.ar\/sitio\/wp-content\/uploads\/2021\/11\/Literatura-Infantil-y-Juvenil-III.pdf\" class=\"wp-block-file__button\" download>Descarga<\/a><\/div>\n\n\n\n<div class=\"wp-block-file\"><a href=\"https:\/\/ifd23-sgo.infd.edu.ar\/sitio\/wp-content\/uploads\/2021\/11\/EDI-Sujeto-de-la-Educacion-Rural-III.pdf\"><strong><em><span class=\"has-inline-color has-vivid-cyan-blue-color\">EDI Sujeto de la Educaci\u00f3n Rural III<\/span><\/em><\/strong><\/a><a href=\"https:\/\/ifd23-sgo.infd.edu.ar\/sitio\/wp-content\/uploads\/2021\/11\/EDI-Sujeto-de-la-Educacion-Rural-III.pdf\" class=\"wp-block-file__button\" download>Descarga<\/a><\/div>\n\n\n\n<div class=\"wp-block-file\"><a href=\"https:\/\/ifd23-sgo.infd.edu.ar\/sitio\/wp-content\/uploads\/2021\/11\/PRACTICA-III.pdf\"><strong><em><span class=\"has-inline-color has-vivid-cyan-blue-color\">Pr\u00e1ctica III<\/span><\/em><\/strong><\/a><a href=\"https:\/\/ifd23-sgo.infd.edu.ar\/sitio\/wp-content\/uploads\/2021\/11\/PRACTICA-III.pdf\" class=\"wp-block-file__button\" download>Descarga<\/a><\/div>\n<\/div>\n<\/div>\n\n\n\n<div class=\"wp-block-columns is-layout-flex wp-container-13\">\n<div class=\"wp-block-column is-layout-flow\">\n<p><strong><em><span class=\"has-inline-color has-vivid-red-color\">CUARTO A\u00d1O<\/span><\/em><\/strong><\/p>\n\n\n\n<div class=\"wp-block-file\"><a href=\"https:\/\/ifd23-sgo.infd.edu.ar\/sitio\/wp-content\/uploads\/2021\/11\/Legislacion-Escolar-IV.pdf\"><strong><em><span class=\"has-inline-color has-vivid-purple-color\">Legislaci\u00f3n Escolar IV<\/span><\/em><\/strong><\/a><a href=\"https:\/\/ifd23-sgo.infd.edu.ar\/sitio\/wp-content\/uploads\/2021\/11\/Legislacion-Escolar-IV.pdf\" class=\"wp-block-file__button\" download>Descarga<\/a><\/div>\n\n\n\n<div class=\"wp-block-file\"><a href=\"https:\/\/ifd23-sgo.infd.edu.ar\/sitio\/wp-content\/uploads\/2021\/11\/RESIDENCIA-y-SISTEMATIZACION-IV.pdf\"><strong><em><span class=\"has-inline-color has-vivid-purple-color\">Residencia y Sistematizaci\u00f3n de Experiencias IV<\/span><\/em><\/strong><\/a><a href=\"https:\/\/ifd23-sgo.infd.edu.ar\/sitio\/wp-content\/uploads\/2021\/11\/RESIDENCIA-y-SISTEMATIZACION-IV.pdf\" class=\"wp-block-file__button\" download>Descarga<\/a><\/div>\n<\/div>\n<\/div>\n\n\n\n<p><\/p>\n\n\n\n<p><\/p>\n","protected":false},"excerpt":{"rendered":"<p>PROYECTO CURRICULAR 2022 PRIMER A\u00d1O Alfabetizaci\u00f3n Acad\u00e9mica SEGUNDO A\u00d1O TERCER A\u00d1O CUARTO A\u00d1O PROYECTO CURRICULAR 2021 PRIMER A\u00d1O SEGUNDO A\u00d1O TERCER A\u00d1O CUARTO A\u00d1O<\/p>\n","protected":false},"author":12,"featured_media":0,"parent":0,"menu_order":0,"comment_status":"closed","ping_status":"closed","template":"","meta":[],"acf":[],"_links":{"self":[{"href":"https:\/\/ifd23-sgo.infd.edu.ar\/sitio\/wp-json\/wp\/v2\/pages\/1296"}],"collection":[{"href":"https:\/\/ifd23-sgo.infd.edu.ar\/sitio\/wp-json\/wp\/v2\/pages"}],"about":[{"href":"https:\/\/ifd23-sgo.infd.edu.ar\/sitio\/wp-json\/wp\/v2\/types\/page"}],"author":[{"embeddable":true,"href":"https:\/\/ifd23-sgo.infd.edu.ar\/sitio\/wp-json\/wp\/v2\/users\/12"}],"replies":[{"embeddable":true,"href":"https:\/\/ifd23-sgo.infd.edu.ar\/sitio\/wp-json\/wp\/v2\/comments?post=1296"}],"version-history":[{"count":24,"href":"https:\/\/ifd23-sgo.infd.edu.ar\/sitio\/wp-json\/wp\/v2\/pages\/1296\/revisions"}],"predecessor-version":[{"id":1840,"href":"https:\/\/ifd23-sgo.infd.edu.ar\/sitio\/wp-json\/wp\/v2\/pages\/1296\/revisions\/1840"}],"wp:attachment":[{"href":"https:\/\/ifd23-sgo.infd.edu.ar\/sitio\/wp-json\/wp\/v2\/media?parent=1296"}],"curies":[{"name":"wp","href":"https:\/\/api.w.org\/{rel}","templated":true}]}}