{"id":1270,"date":"2020-09-27T00:28:03","date_gmt":"2020-09-27T03:28:03","guid":{"rendered":"https:\/\/ifd23-sgo.infd.edu.ar\/sitio\/?page_id=1270"},"modified":"2025-09-03T19:33:50","modified_gmt":"2025-09-03T22:33:50","slug":"carreras","status":"publish","type":"page","link":"https:\/\/ifd23-sgo.infd.edu.ar\/sitio\/carreras\/","title":{"rendered":"CARRERAS"},"content":{"rendered":"\n<div class=\"wp-block-buttons is-layout-flex\"><\/div>\n\n\n\n<div class=\"wp-block-columns is-layout-flex wp-container-3\">\n<div class=\"wp-block-column is-layout-flow\">\n<p><\/p>\n<\/div>\n<\/div>\n\n\n<h2 style=\"text-align: center;\"><span style=\"color: #003366;\">\u00c9sta casa de estudios te ofrece dos carreras:<\/span><\/h2>\n<p style=\"text-align: center;\"><div  class=\"lgc-column lgc-grid-parent lgc-grid-50 lgc-tablet-grid-50 lgc-mobile-grid-100 lgc-equal-heights \"><div  class=\"inside-grid-column\"><span style=\"color: #ff6600;\"><em><strong>PROFESORADO DE EDUCACI\u00d3N PRIMARIA CON ORIENTACI\u00d3N EN EDUCACI\u00d3N RURAL<\/strong><\/em><\/span>\n<p>\u00a0<\/p>\n<p>El futuro <strong>Docente<\/strong> de Educaci\u00f3n Primaria tendr\u00e1 que desarrollar las siguientes capacidades:<\/p>\n<ul>\n<li>Lograr aprendizajes espec\u00edficos de las distintas disciplinas para ense\u00f1ar a sus futuros alumnos conforme a un marco te\u00f3rico de referencia.<\/li>\n<li>Reconocer el sentido educativo de los contenidos a ense\u00f1ar en el nivel primario.<\/li>\n<li>Identificar las caracter\u00edsticas y necesidades de aprendizaje de sus alumnos.<\/li>\n<li>Reconocer la diversidad\u00a0 sociocultural y socioling\u00fc\u00edstica como fuentes para organizar y dirigir situaciones de ense\u00f1anza<\/li>\n<li>Desarrollar dispositivos pedag\u00f3gicos para atender a la diversidad del alumnado<\/li>\n<li>Conducir procesos de aprendizajes grupales e individuales<\/li>\n<li>Seleccionar y utilizar nuevas tecnolog\u00edas promoviendo aprendizajes situados.<\/li>\n<li>Reconocer las caracter\u00edsticas del contexto inmediato de la instituci\u00f3n educativa<\/li>\n<li>Trabajar en equipo con otros docentes, elaborar proyectos institucionales, participar y promover actividades propias de la escuela<\/li>\n<li>Asumir la dimensi\u00f3n pol\u00edtica de la pr\u00e1ctica docente como parte de un proyecto de pa\u00eds.<\/li>\n<li>Comprender que no hay que escindir la vida escolar de los complejos procesos sociales y culturales que constituyen \u00a0la realidad social.<\/li>\n<li>Favorecer la construcci\u00f3n de la subjetividad e identidad de los diferentes sujetos sociales, a partir de sus propias realidades hist\u00f3ricas, regionales, medioambientales y culturales<\/li>\n<\/ul>\n<p style=\"text-align: left;\">\u00a0<img decoding=\"async\" loading=\"lazy\" class=\"aligncenter wp-image-1235\" src=\"https:\/\/ifd23-sgo.infd.edu.ar\/sitio\/wp-content\/uploads\/2020\/09\/alumnos-del-PEP-2019-1-e1601092159573.jpg\" alt=\"\" width=\"330\" height=\"152\" \/><\/p><\/div><\/div>\n<div  class=\"lgc-column lgc-grid-parent lgc-grid-50 lgc-tablet-grid-50 lgc-mobile-grid-100 lgc-equal-heights \"><div  class=\"inside-grid-column\"><span style=\"color: #800080;\"><strong>PROFESORADO EN ECONOM\u00cdA NIVEL SECUNDARIO<\/strong><\/span> <\/div><\/div>\n\n\n<p><\/p>\n","protected":false},"excerpt":{"rendered":"<p>\u00c9sta casa de estudios te ofrece dos carreras:<\/p>\n","protected":false},"author":12,"featured_media":0,"parent":0,"menu_order":0,"comment_status":"closed","ping_status":"closed","template":"","meta":[],"acf":[],"_links":{"self":[{"href":"https:\/\/ifd23-sgo.infd.edu.ar\/sitio\/wp-json\/wp\/v2\/pages\/1270"}],"collection":[{"href":"https:\/\/ifd23-sgo.infd.edu.ar\/sitio\/wp-json\/wp\/v2\/pages"}],"about":[{"href":"https:\/\/ifd23-sgo.infd.edu.ar\/sitio\/wp-json\/wp\/v2\/types\/page"}],"author":[{"embeddable":true,"href":"https:\/\/ifd23-sgo.infd.edu.ar\/sitio\/wp-json\/wp\/v2\/users\/12"}],"replies":[{"embeddable":true,"href":"https:\/\/ifd23-sgo.infd.edu.ar\/sitio\/wp-json\/wp\/v2\/comments?post=1270"}],"version-history":[{"count":8,"href":"https:\/\/ifd23-sgo.infd.edu.ar\/sitio\/wp-json\/wp\/v2\/pages\/1270\/revisions"}],"predecessor-version":[{"id":3221,"href":"https:\/\/ifd23-sgo.infd.edu.ar\/sitio\/wp-json\/wp\/v2\/pages\/1270\/revisions\/3221"}],"wp:attachment":[{"href":"https:\/\/ifd23-sgo.infd.edu.ar\/sitio\/wp-json\/wp\/v2\/media?parent=1270"}],"curies":[{"name":"wp","href":"https:\/\/api.w.org\/{rel}","templated":true}]}}