{"id":1180,"date":"2024-03-09T21:28:52","date_gmt":"2024-03-10T00:28:52","guid":{"rendered":"https:\/\/ifd23-sgo.infd.edu.ar\/sitio\/?page_id=1180"},"modified":"2024-03-09T21:42:28","modified_gmt":"2024-03-10T00:42:28","slug":"espacios-curriculares","status":"publish","type":"page","link":"https:\/\/ifd23-sgo.infd.edu.ar\/sitio\/espacios-curriculares\/","title":{"rendered":"Espacios Curriculares"},"content":{"rendered":"\n<div class=\"wp-block-group has-cool-to-warm-spectrum-gradient-background has-background is-layout-constrained\"><div class=\"wp-block-group__inner-container\">\n<p class=\"has-text-align-center\"><em><strong><span style=\"color: #000080;\">PRIMER A\u00d1O<\/span><\/strong><\/em><\/p>\n\n\n\n<ul class=\"has-small-font-size\">\n<li>PEDAGOG\u00cdA<\/li>\n\n\n\n<li>PSICOLOG\u00cdA EDUCACIONAL<\/li>\n\n\n\n<li>DID\u00c1CTICA GENERAL<\/li>\n\n\n\n<li>ALFABETIZACI\u00d3N ACAD\u00c9MICA<\/li>\n\n\n\n<li>HISTORIA ARGENTINA y LATINOAMERICANA<\/li>\n\n\n\n<li>HISTORIA DE LA EDUCACI\u00d3N Y POL\u00cdTICA EDUCACIONAL ARGENTINA<\/li>\n\n\n\n<li>PRACTICA I: La Instituci\u00f3n Educativa<\/li>\n\n\n\n<li>PRINCIPIOS DE ECONOM\u00cdA<\/li>\n\n\n\n<li>MATEM\u00c1TICA I<\/li>\n\n\n\n<li>CONTABILIDAD I<\/li>\n\n\n\n<li>INTRODUCCI\u00d3N AL DERECHO<\/li>\n\n\n\n<li>MATEM\u00c1TICA II<\/li>\n<\/ul>\n<\/div><\/div>\n\n\n\n<div class=\"wp-block-group has-very-light-gray-to-cyan-bluish-gray-gradient-background has-background is-layout-constrained\"><div class=\"wp-block-group__inner-container\">\n<div class=\"wp-block-group has-background is-layout-constrained\" style=\"background:linear-gradient(176deg,rgba(252,185,0,1) 0%,rgba(255,105,0,1) 100%)\"><div class=\"wp-block-group__inner-container\">\n<p class=\"has-text-align-center\"><em><strong><span style=\"color: #000080;\">SEGUNDO A\u00d1O<\/span><\/strong><\/em><\/p>\n\n\n\n<ul>\n<li class=\"has-small-font-size\">SOCIOLOG\u00cdA DE LA EDUCACI\u00d3N<\/li>\n\n\n\n<li class=\"has-small-font-size\">TECNOLOGIA DE LA INFORMACI\u00d3N Y LA COMUNICACI\u00d3N<\/li>\n\n\n\n<li class=\"has-small-font-size\">PRACTICA II: Curriculum, Sujetos y Contextos<\/li>\n\n\n\n<li class=\"has-small-font-size\">ADMINISTRACI\u00d3N I<\/li>\n\n\n\n<li class=\"has-small-font-size\">MICROECONOM\u00cdA<\/li>\n\n\n\n<li class=\"has-small-font-size\">DERECHO EMPRESARIO<\/li>\n\n\n\n<li class=\"has-small-font-size\">ESTAD\u00cdSTICA DESCRIPTIVA E INFERENCIAL<\/li>\n\n\n\n<li class=\"has-small-font-size\">CONTABILIDAD II<\/li>\n\n\n\n<li class=\"has-small-font-size\">SUJETO DE LA EDUCACI\u00d3N<\/li>\n<\/ul>\n<\/div><\/div>\n<\/div><\/div>\n\n\n\n<div class=\"wp-block-group has-very-light-gray-to-cyan-bluish-gray-gradient-background has-background is-layout-constrained\"><div class=\"wp-block-group__inner-container\">\n<div class=\"wp-block-group has-background is-layout-constrained\" style=\"background:linear-gradient(339deg,rgb(255,245,203) 0%,rgb(182,227,212) 50%,rgb(51,167,181) 100%)\"><div class=\"wp-block-group__inner-container\">\n<p class=\"has-text-align-center\"><em><strong><span style=\"color: #000080;\">TERCER A\u00d1O<\/span><\/strong><\/em><\/p>\n\n\n\n<ul>\n<li class=\"has-small-font-size\">FILOSOF\u00cdA DE LA EDUCACI\u00d3N<\/li>\n\n\n\n<li class=\"has-small-font-size\">INTEGRACI\u00d3N E INCLUSI\u00d3N EDUCATIVA<\/li>\n\n\n\n<li class=\"has-small-font-size\">EPISTEMOLOG\u00cdA DE LAS CIENCIAS<\/li>\n\n\n\n<li class=\"has-small-font-size\">PRACTICA III: Programaci\u00f3n Did\u00e1ctica y Gesti\u00f3n de Micro-experiencias de Ense\u00f1anza para el nivel Secundario<\/li>\n\n\n\n<li class=\"has-small-font-size\">MACROECONOM\u00cdA<\/li>\n\n\n\n<li class=\"has-small-font-size\">C\u00c1LCULO FINANCIERO<\/li>\n\n\n\n<li class=\"has-small-font-size\">ADMINISTRACI\u00d3N II<\/li>\n\n\n\n<li class=\"has-small-font-size\">ECONOM\u00cdA FINANCIERA<\/li>\n\n\n\n<li class=\"has-small-font-size\">TECNOLOGIA DE LA INFORMACI\u00d3N APLICADA<\/li>\n\n\n\n<li class=\"has-small-font-size\">DID\u00c1CTICA DE LA ECONOM\u00cdA<\/li>\n\n\n\n<li class=\"has-small-font-size\">PEDAGOG\u00cdA DE PROYECTOS ECON\u00d3MICOS<\/li>\n<\/ul>\n<\/div><\/div>\n<\/div><\/div>\n\n\n\n<div class=\"wp-block-group is-layout-constrained\"><div class=\"wp-block-group__inner-container\">\n<div class=\"wp-block-group has-contrast-color has-text-color has-background is-layout-constrained\" style=\"background:linear-gradient(216deg,rgb(255,206,236) 0%,rgb(152,150,240) 100%)\"><div class=\"wp-block-group__inner-container\">\n<p class=\"has-text-align-center\"><em style=\"color: #000080;\"><strong>CUARTO A\u00d1O<\/strong><\/em><\/p>\n\n\n\n<ul>\n<li class=\"has-small-font-size\"><span style=\"color: #333333;\">EDUCACI\u00d3N SEXUAL INTEGRAL<\/span><\/li>\n\n\n\n<li class=\"has-small-font-size\">FORMACI\u00d3N \u00c9TICA Y CIUDADANA<\/li>\n\n\n\n<li class=\"has-small-font-size\">PR\u00c1CTICA IV: RESIDENCIA Y SISTEMATIZACI\u00d3N DE EXPERIENCIAS<\/li>\n\n\n\n<li class=\"has-small-font-size\">ECONOM\u00cdA Y DESARROLLO<\/li>\n\n\n\n<li class=\"has-small-font-size\">ECONOM\u00cdA DEL SECTOR P\u00daBLICO<\/li>\n\n\n\n<li class=\"has-small-font-size\">FORMULACI\u00d3N Y EVALUACI\u00d3N DE PROYECTOS<\/li>\n\n\n\n<li class=\"has-small-font-size\">HISTORIA ECON\u00d3MICA Y SOCIAL<\/li>\n\n\n\n<li class=\"has-small-font-size\">ECONOM\u00cdA REGIONAL Y LOCAL<\/li>\n\n\n\n<li class=\"has-small-font-size\">ECONOM\u00cdA SOCIAL VERDE Y DESARROLLO SUSTENTABLE<\/li>\n<\/ul>\n<\/div><\/div>\n<\/div><\/div>\n","protected":false},"excerpt":{"rendered":"<p>PRIMER A\u00d1O SEGUNDO A\u00d1O TERCER A\u00d1O CUARTO A\u00d1O<\/p>\n","protected":false},"author":12,"featured_media":0,"parent":0,"menu_order":0,"comment_status":"closed","ping_status":"closed","template":"","meta":[],"acf":[],"_links":{"self":[{"href":"https:\/\/ifd23-sgo.infd.edu.ar\/sitio\/wp-json\/wp\/v2\/pages\/1180"}],"collection":[{"href":"https:\/\/ifd23-sgo.infd.edu.ar\/sitio\/wp-json\/wp\/v2\/pages"}],"about":[{"href":"https:\/\/ifd23-sgo.infd.edu.ar\/sitio\/wp-json\/wp\/v2\/types\/page"}],"author":[{"embeddable":true,"href":"https:\/\/ifd23-sgo.infd.edu.ar\/sitio\/wp-json\/wp\/v2\/users\/12"}],"replies":[{"embeddable":true,"href":"https:\/\/ifd23-sgo.infd.edu.ar\/sitio\/wp-json\/wp\/v2\/comments?post=1180"}],"version-history":[{"count":5,"href":"https:\/\/ifd23-sgo.infd.edu.ar\/sitio\/wp-json\/wp\/v2\/pages\/1180\/revisions"}],"predecessor-version":[{"id":2802,"href":"https:\/\/ifd23-sgo.infd.edu.ar\/sitio\/wp-json\/wp\/v2\/pages\/1180\/revisions\/2802"}],"wp:attachment":[{"href":"https:\/\/ifd23-sgo.infd.edu.ar\/sitio\/wp-json\/wp\/v2\/media?parent=1180"}],"curies":[{"name":"wp","href":"https:\/\/api.w.org\/{rel}","templated":true}]}}