{"id":1172,"date":"2020-09-24T23:00:59","date_gmt":"2020-09-25T02:00:59","guid":{"rendered":"https:\/\/ifd23-sgo.infd.edu.ar\/sitio\/?page_id=1172"},"modified":"2022-10-27T19:36:26","modified_gmt":"2022-10-27T22:36:26","slug":"recursos-documentales","status":"publish","type":"page","link":"https:\/\/ifd23-sgo.infd.edu.ar\/sitio\/recursos-documentales\/","title":{"rendered":"Recursos Documentales"},"content":{"rendered":"<table style=\"height: 633px;\" width=\"814\">\n<tbody>\n<tr>\n<td width=\"140\">\n<h5 style=\"text-align: center;\"><strong><span style=\"color: #008000;\">Colecci\u00f3n General<\/span><\/strong><\/h5>\n<h5><\/h5>\n<\/td>\n<td width=\"437\">\n<h5 style=\"text-align: left;\">Integrada por textos que cubren las diferentes \u00e1reas del conocimiento especialmente Educaci\u00f3n, Ense\u00f1anza, Curriculum, etc. y que corresponden a los programas de estudio de las carreras del Profesorado de Educaci\u00f3n Primaria y de la Tecnicatura en Administraci\u00f3n que se dictan en la Instituci\u00f3n.<\/h5>\n<\/td>\n<\/tr>\n<tr>\n<td width=\"140\">\n<h5 style=\"text-align: center;\"><span style=\"color: #008000;\"><strong>Colecci\u00f3n de Referencia<\/strong><\/span><\/h5>\n<h5><\/h5>\n<\/td>\n<td width=\"437\">\n<h5>Formado por diccionarios de Lengua espa\u00f1ola y biling\u00fces, diccionarios tem\u00e1ticos, enciclopedias, manuales y atlas.<\/h5>\n<\/td>\n<\/tr>\n<tr>\n<td width=\"140\">\n<h5 style=\"text-align: center;\"><span style=\"color: #008000;\"><strong>Colecci\u00f3n Cartogr\u00e1fica<\/strong><\/span><\/h5>\n<h5><\/h5>\n<\/td>\n<td width=\"437\">\n<h5>Compuesto por globos terr\u00e1queos y mapas f\u00edsicos, pol\u00edticos, pizarras de los continentes, como as\u00ed tambi\u00e9n de Santiago del Estero y Argentina.<\/h5>\n<\/td>\n<\/tr>\n<tr>\n<td width=\"140\">\n<h5 style=\"text-align: center;\"><strong><span style=\"color: #008000;\">Colecci\u00f3n Audiovisual y Multimedia<\/span><\/strong><\/h5>\n<h5><\/h5>\n<\/td>\n<td width=\"437\">\n<h5>Constituida por v\u00eddeos, cd room, DVD, organizados por materias.<\/h5>\n<\/td>\n<\/tr>\n<tr>\n<td width=\"140\">\n<h5 style=\"text-align: center;\"><strong><span style=\"color: #008000;\">Colecci\u00f3n de L\u00e1minas<\/span><\/strong><\/h5>\n<h5><\/h5>\n<\/td>\n<td width=\"437\">\n<h5>Formadas por l\u00e1minas, en su&nbsp; mayor\u00eda corresponden al \u00e1rea de Ciencias Naturales y Ciencias Sociales.<\/h5>\n<\/td>\n<\/tr>\n<\/tbody>\n<\/table>\n<p>Haciendo click en los siguientes link:<\/p>\n<p><strong><span style=\"color: #008000;\">\u21d2<\/span><\/strong>&nbsp;<span style=\"color: #333399;\"><a style=\"color: #333399;\" href=\"http:\/\/www.bnm.me.gov.ar\/catalogos\/\">Sitio Web de la Biblioteca Nacional de Maestros<\/a><\/span>&nbsp;visualizaras los m\u00faltiples y distintos tipos de textos a nivel nacional para leer, sacar informaci\u00f3n y buscar materiales para poder elaborar tus practicas, descargar los distintos tipos de mapas, f\u00edsico, pol\u00edtico, etc.<\/p>\n<p><strong style=\"color: #008000;\">\u21d2<\/strong>&nbsp; <span style=\"color: #008000;\"><a href=\"https:\/\/mapasescolares.ign.gob.ar\/dist\/src\/frontpage.html\"><span style=\"color: #333399;\">https:\/\/mapasescolares.ign.gob.ar\/dist\/src\/frontpage.html<\/span><\/a><\/span><\/p>\n<p>En fin, de seguro que te va a ser muy \u00fatil.<\/p>\n<h3><span style=\"color: #339966;\">Aprov\u00e9chalo.<\/span><\/h3>\n<p><span style=\"color: #008000;\"><strong>&nbsp; &nbsp; &nbsp; &nbsp; &nbsp; &nbsp; &nbsp; &nbsp; &nbsp; &nbsp; &nbsp; &nbsp; &nbsp; &nbsp; &nbsp; &nbsp; &nbsp; &nbsp; &nbsp; &nbsp; &nbsp; &nbsp; &nbsp; &nbsp; &nbsp; &nbsp; &nbsp; &nbsp; &nbsp; &nbsp; &nbsp;<\/strong><\/span><\/p>\n","protected":false},"excerpt":{"rendered":"<p>Colecci\u00f3n General Integrada por textos que cubren las diferentes \u00e1reas del conocimiento especialmente Educaci\u00f3n, Ense\u00f1anza, Curriculum, etc. y que corresponden a los programas de estudio de las carreras del Profesorado de Educaci\u00f3n Primaria y de la Tecnicatura en Administraci\u00f3n que se dictan en la Instituci\u00f3n. Colecci\u00f3n de Referencia Formado por diccionarios de Lengua espa\u00f1ola y &#8230; <a title=\"Recursos Documentales\" class=\"read-more\" href=\"https:\/\/ifd23-sgo.infd.edu.ar\/sitio\/recursos-documentales\/\" aria-label=\"More on Recursos Documentales\">[+]<\/a><\/p>\n","protected":false},"author":12,"featured_media":0,"parent":0,"menu_order":0,"comment_status":"closed","ping_status":"closed","template":"","meta":[],"acf":[],"_links":{"self":[{"href":"https:\/\/ifd23-sgo.infd.edu.ar\/sitio\/wp-json\/wp\/v2\/pages\/1172"}],"collection":[{"href":"https:\/\/ifd23-sgo.infd.edu.ar\/sitio\/wp-json\/wp\/v2\/pages"}],"about":[{"href":"https:\/\/ifd23-sgo.infd.edu.ar\/sitio\/wp-json\/wp\/v2\/types\/page"}],"author":[{"embeddable":true,"href":"https:\/\/ifd23-sgo.infd.edu.ar\/sitio\/wp-json\/wp\/v2\/users\/12"}],"replies":[{"embeddable":true,"href":"https:\/\/ifd23-sgo.infd.edu.ar\/sitio\/wp-json\/wp\/v2\/comments?post=1172"}],"version-history":[{"count":17,"href":"https:\/\/ifd23-sgo.infd.edu.ar\/sitio\/wp-json\/wp\/v2\/pages\/1172\/revisions"}],"predecessor-version":[{"id":1991,"href":"https:\/\/ifd23-sgo.infd.edu.ar\/sitio\/wp-json\/wp\/v2\/pages\/1172\/revisions\/1991"}],"wp:attachment":[{"href":"https:\/\/ifd23-sgo.infd.edu.ar\/sitio\/wp-json\/wp\/v2\/media?parent=1172"}],"curies":[{"name":"wp","href":"https:\/\/api.w.org\/{rel}","templated":true}]}}