{"id":1168,"date":"2020-09-24T22:57:30","date_gmt":"2020-09-25T01:57:30","guid":{"rendered":"https:\/\/ifd23-sgo.infd.edu.ar\/sitio\/?page_id=1168"},"modified":"2020-10-16T23:40:32","modified_gmt":"2020-10-17T02:40:32","slug":"informacion-general","status":"publish","type":"page","link":"https:\/\/ifd23-sgo.infd.edu.ar\/sitio\/informacion-general\/","title":{"rendered":"Informaci\u00f3n General"},"content":{"rendered":"<p>&nbsp;<\/p>\n<p><img decoding=\"async\" loading=\"lazy\" class=\"aligncenter size-medium wp-image-1223\" src=\"https:\/\/ifd23-sgo.infd.edu.ar\/sitio\/wp-content\/uploads\/2020\/09\/recursos-documentales-1000x667.jpg\" alt=\"\" width=\"1000\" height=\"667\" srcset=\"https:\/\/ifd23-sgo.infd.edu.ar\/sitio\/wp-content\/uploads\/2020\/09\/recursos-documentales.jpg 1000w, https:\/\/ifd23-sgo.infd.edu.ar\/sitio\/wp-content\/uploads\/2020\/09\/recursos-documentales-768x512.jpg 768w\" sizes=\"(max-width: 1000px) 100vw, 1000px\" \/><\/p>\n<h4 style=\"text-align: center;\">Horario de Atenci\u00f3n: de Lunes a Viernes de 18: 20 a 23:20 hs<\/h4>\n<h4 style=\"text-align: center;\">Personal: Profesor Rodrigo Gonz\u00e1lez<\/h4>\n<h4>Reglamento para uso de la Biblioteca:<\/h4>\n<p><em><strong>Formaci\u00f3n de Usuarios<\/strong><\/em>: Al inicio del periodo escolar el personal bibliotecario transmite a los alumnos ingresantes de ambas carreras, nociones b\u00e1sicas sobre el funcionamiento general de la BIBLIOTECA y los servicios que ofrece.<\/p>\n<p><em><strong>Pr\u00e9stamos a Domicilio<\/strong><\/em>: El usuario puede retirar hasta dos (2) obras de la colecci\u00f3n general por el per\u00edodo de 7 d\u00edas a excepci\u00f3n de los ejemplares \u00fanicos y del material de referencia que son de uso exclusivo en el aula o para consulta.<br \/>\nAl vencer el pr\u00e9stamo domiciliario, el usuario tiene opci\u00f3n de solicitar la renovaci\u00f3n por mas d\u00edas, siempre que las obras no fueran requeridas por otro usuario.<\/p>\n<p><em><strong>Pr\u00e9stamo de consulta<\/strong><\/em>: Se proporciona al usuario hasta e obras de las diferentes colecciones para su consulta en el aula. La devoluci\u00f3n se efect\u00faa al t\u00e9rmino del turno respectivo.<\/p>\n<p><em><strong>Servicio de Difusi\u00f3n<\/strong><\/em>: Este servicio tiene el prop\u00f3sito de divulgar los recursos documentales disponibles en el BIBLIOTECA, para su consulta y pr\u00e9stamo.<br \/>\nPor lo tanto abre a sus usuarios una serie de Cat\u00e1logos parciales generados a partir de datos existentes.<\/p>\n","protected":false},"excerpt":{"rendered":"<p>&nbsp; Horario de Atenci\u00f3n: de Lunes a Viernes de 18: 20 a 23:20 hs Personal: Profesor Rodrigo Gonz\u00e1lez Reglamento para uso de la Biblioteca: Formaci\u00f3n de Usuarios: Al inicio del periodo escolar el personal bibliotecario transmite a los alumnos ingresantes de ambas carreras, nociones b\u00e1sicas sobre el funcionamiento general de la BIBLIOTECA y los servicios &#8230; <a title=\"Informaci\u00f3n General\" class=\"read-more\" href=\"https:\/\/ifd23-sgo.infd.edu.ar\/sitio\/informacion-general\/\" aria-label=\"More on Informaci\u00f3n General\">[+]<\/a><\/p>\n","protected":false},"author":12,"featured_media":0,"parent":0,"menu_order":0,"comment_status":"closed","ping_status":"closed","template":"","meta":[],"acf":[],"_links":{"self":[{"href":"https:\/\/ifd23-sgo.infd.edu.ar\/sitio\/wp-json\/wp\/v2\/pages\/1168"}],"collection":[{"href":"https:\/\/ifd23-sgo.infd.edu.ar\/sitio\/wp-json\/wp\/v2\/pages"}],"about":[{"href":"https:\/\/ifd23-sgo.infd.edu.ar\/sitio\/wp-json\/wp\/v2\/types\/page"}],"author":[{"embeddable":true,"href":"https:\/\/ifd23-sgo.infd.edu.ar\/sitio\/wp-json\/wp\/v2\/users\/12"}],"replies":[{"embeddable":true,"href":"https:\/\/ifd23-sgo.infd.edu.ar\/sitio\/wp-json\/wp\/v2\/comments?post=1168"}],"version-history":[{"count":7,"href":"https:\/\/ifd23-sgo.infd.edu.ar\/sitio\/wp-json\/wp\/v2\/pages\/1168\/revisions"}],"predecessor-version":[{"id":1233,"href":"https:\/\/ifd23-sgo.infd.edu.ar\/sitio\/wp-json\/wp\/v2\/pages\/1168\/revisions\/1233"}],"wp:attachment":[{"href":"https:\/\/ifd23-sgo.infd.edu.ar\/sitio\/wp-json\/wp\/v2\/media?parent=1168"}],"curies":[{"name":"wp","href":"https:\/\/api.w.org\/{rel}","templated":true}]}}