{"id":1166,"date":"2020-09-24T22:55:44","date_gmt":"2020-09-25T01:55:44","guid":{"rendered":"https:\/\/ifd23-sgo.infd.edu.ar\/sitio\/?page_id=1166"},"modified":"2020-10-16T15:56:18","modified_gmt":"2020-10-16T18:56:18","slug":"biblioteca","status":"publish","type":"page","link":"https:\/\/ifd23-sgo.infd.edu.ar\/sitio\/biblioteca\/","title":{"rendered":"BIBLIOTECA"},"content":{"rendered":"<p>&nbsp;<\/p>\n<h2 style=\"text-align: center;\"><span style=\"text-align: center; color: #ff6600;\">Bienvenidos a la Biblioteca del IFD N\u00b0 23<\/span><\/h2>\n<p><img decoding=\"async\" loading=\"lazy\" class=\"aligncenter wp-image-1220\" src=\"https:\/\/ifd23-sgo.infd.edu.ar\/sitio\/wp-content\/uploads\/2020\/09\/imagen-biblio.jpg\" alt=\"\" width=\"411\" height=\"233\" \/><\/p>\n<p>\u00abUn espacio educativo cuya funci\u00f3n principal es organizar la documentaci\u00f3n y garantizar su acceso a trav\u00e9s de los diferentes servicios que presta.<\/p>\n<p>Posee un importante fondo documental compuesto por material impreso y multimedial, destinado a cubrir las necesidades de informaci\u00f3n de esta comunidad educativa\u00bb.<\/p>\n","protected":false},"excerpt":{"rendered":"<p>&nbsp; Bienvenidos a la Biblioteca del IFD N\u00b0 23 \u00abUn espacio educativo cuya funci\u00f3n principal es organizar la documentaci\u00f3n y garantizar su acceso a trav\u00e9s de los diferentes servicios que presta. Posee un importante fondo documental compuesto por material impreso y multimedial, destinado a cubrir las necesidades de informaci\u00f3n de esta comunidad educativa\u00bb.<\/p>\n","protected":false},"author":12,"featured_media":0,"parent":0,"menu_order":0,"comment_status":"closed","ping_status":"closed","template":"","meta":[],"acf":[],"_links":{"self":[{"href":"https:\/\/ifd23-sgo.infd.edu.ar\/sitio\/wp-json\/wp\/v2\/pages\/1166"}],"collection":[{"href":"https:\/\/ifd23-sgo.infd.edu.ar\/sitio\/wp-json\/wp\/v2\/pages"}],"about":[{"href":"https:\/\/ifd23-sgo.infd.edu.ar\/sitio\/wp-json\/wp\/v2\/types\/page"}],"author":[{"embeddable":true,"href":"https:\/\/ifd23-sgo.infd.edu.ar\/sitio\/wp-json\/wp\/v2\/users\/12"}],"replies":[{"embeddable":true,"href":"https:\/\/ifd23-sgo.infd.edu.ar\/sitio\/wp-json\/wp\/v2\/comments?post=1166"}],"version-history":[{"count":3,"href":"https:\/\/ifd23-sgo.infd.edu.ar\/sitio\/wp-json\/wp\/v2\/pages\/1166\/revisions"}],"predecessor-version":[{"id":1221,"href":"https:\/\/ifd23-sgo.infd.edu.ar\/sitio\/wp-json\/wp\/v2\/pages\/1166\/revisions\/1221"}],"wp:attachment":[{"href":"https:\/\/ifd23-sgo.infd.edu.ar\/sitio\/wp-json\/wp\/v2\/media?parent=1166"}],"curies":[{"name":"wp","href":"https:\/\/api.w.org\/{rel}","templated":true}]}}