{"id":1161,"date":"2020-09-24T22:51:39","date_gmt":"2020-09-25T01:51:39","guid":{"rendered":"https:\/\/ifd23-sgo.infd.edu.ar\/sitio\/?page_id=1161"},"modified":"2026-03-18T22:25:49","modified_gmt":"2026-03-19T01:25:49","slug":"horario-tap","status":"publish","type":"page","link":"https:\/\/ifd23-sgo.infd.edu.ar\/sitio\/horario-tap\/","title":{"rendered":"HORARIO Profesorado de Educaci\u00f3n Secundaria en Econom\u00eda"},"content":{"rendered":"\n<p class=\"has-contrast-color has-text-color has-medium-font-size\">Horarios sujetos a cambios en los cuatrimestres<\/p>\n\n\n\n<p class=\"has-text-align-center\"><strong><em>PRIMER CUATRIMESTRE<\/em><\/strong><\/p>\n\n\n\n<p class=\"has-text-align-center\"><strong><em>PRIMER A\u00d1O <\/em><\/strong><\/p>\n\n\n\n<figure class=\"wp-block-table aligncenter is-style-stripes has-small-font-size\"><table class=\"has-contrast-color has-pale-ocean-gradient-background has-text-color has-background\"><tbody><tr><td class=\"has-text-align-center\" data-align=\"center\">HORA<\/td><td><\/td><td>LUNES<\/td><td>MARTES<\/td><td>MIERCOLES<\/td><td>JUEVES<\/td><td>VIERNES<\/td><\/tr><tr><td class=\"has-text-align-center\" data-align=\"center\">PRE<\/td><td>18.20 a <br>19.00 hs<\/td><td>Pr\u00e1ctica I<\/td><td>Introducci\u00f3n al<br>Derecho<\/td><td><\/td><td>Principios de la <br>Econom\u00eda<\/td><td>Alfabetizaci\u00f3n <br>Acad\u00e9mica<\/td><\/tr><tr><td class=\"has-text-align-center\" data-align=\"center\">1\u00ba<\/td><td>19.00 a <br>19.40 hs<\/td><td>Matematicas I<\/td><td>Pedagog\u00eda<\/td><td>Principios de la<br>Econom\u00eda<\/td><td>Principios de la <br>Econom\u00eda<\/td><td>Contabilidad I<\/td><\/tr><tr><td class=\"has-text-align-center\" data-align=\"center\">2\u00ba<\/td><td>19.40 a <br>20.20 hs<\/td><td>Matem\u00e1ticas I<\/td><td>Pedagog\u00eda<br><\/td><td>Principios de la <br>Econom\u00eda<\/td><td>Principios de la <br>Econom\u00eda<\/td><td>Contabilidad I<\/td><\/tr><tr><td class=\"has-text-align-center\" data-align=\"center\">3\u00ba<\/td><td>20.30 a <br>21.10 hs<\/td><td>Alfabetizaci\u00f3n<br>Acad\u00e9mica<\/td><td>Pr\u00e1ctica I<\/td><td>Pr\u00e1ctica I<\/td><td>Pedagog\u00eda<\/td><td>Contabilidad I<\/td><\/tr><tr><td class=\"has-text-align-center\" data-align=\"center\">4\u00ba<\/td><td>21.10 a <br>21.50 hs<\/td><td>Alfabetizaci\u00f3n <br>Acad\u00e9mica<\/td><td>Pr\u00e1ctica I<\/td><td>Pr\u00e1ctica I<\/td><td>Pedagog\u00eda<\/td><td>Historia Argentina y<br>Latinoamericana<\/td><\/tr><tr><td class=\"has-text-align-center\" data-align=\"center\">5\u00ba<\/td><td>22.00 a <br>22.40 hs<\/td><td>Pedagog\u00eda<\/td><td>Introducci\u00f3n al<br>Derecho<\/td><td>Matem\u00e1ticas I<\/td><td>Contabilidad I<\/td><td>Historia Argentina y <br>Latinoamericana<\/td><\/tr><tr><td class=\"has-text-align-center\" data-align=\"center\">6\u00ba<\/td><td>22.40 a <br>23.20 hs<\/td><td><\/td><td>Introducci\u00f3n al <br>Derecho<\/td><td>Matem\u00e1ticas I<\/td><td>Contabilidad I<\/td><td>Historia Argentina y <br>Latinoamericana<\/td><\/tr><\/tbody><\/table><\/figure>\n\n\n\n<p class=\"has-text-align-center\"><strong><em>SEGUNDO CUATRIMESTRE<\/em><\/strong><\/p>\n\n\n\n<figure class=\"wp-block-table aligncenter is-style-stripes has-small-font-size\"><table class=\"has-contrast-color has-pale-ocean-gradient-background has-text-color has-background\"><tbody><tr><td class=\"has-text-align-center\" data-align=\"center\">HORA<\/td><td><\/td><td>LUNES<\/td><td>MARTES<\/td><td>MIERCOLES<\/td><td>JUEVES<\/td><td>VIERNES<\/td><\/tr><tr><td class=\"has-text-align-center\" data-align=\"center\">PRE<\/td><td>18.20 a <br>19.00 hs<\/td><td>Matem\u00e1ticas II<\/td><td>Introducci\u00f3n al<br>Derecho<\/td><td>Principios de la <br>Econom\u00eda<\/td><td>Principios de la <br>Econom\u00eda<\/td><td>Alfabetizaci\u00f3n <br>Acad\u00e9mica<\/td><\/tr><tr><td class=\"has-text-align-center\" data-align=\"center\">1\u00ba<\/td><td>19.00 a <br>19.40 hs<\/td><td>Matematicas II<\/td><td>Psicolog\u00eda <br>Educacional<\/td><td>Principios de la<br>Econom\u00eda<\/td><td>Principios de la <br>Econom\u00eda<\/td><td>Contabilidad I<\/td><\/tr><tr><td class=\"has-text-align-center\" data-align=\"center\">2\u00ba<\/td><td>19.40 a <br>20.20 hs<\/td><td>Matem\u00e1ticas II<\/td><td>Psicolog\u00eda <br>Educacional<br><\/td><td>Pr\u00e1ctica I<\/td><td>Principios de la <br>Econom\u00eda<\/td><td>Contabilidad I<\/td><\/tr><tr><td class=\"has-text-align-center\" data-align=\"center\">3\u00ba<\/td><td>20.30 a <br>21.10 hs<\/td><td>Alfabetizaci\u00f3n <br>Acad\u00e9mica<\/td><td>Pr\u00e1ctica I<\/td><td>Pr\u00e1ctica I<\/td><td>Psicolog\u00eda <br>Educacional<\/td><td>Historia de la <br>Educaci\u00f3n<\/td><\/tr><tr><td class=\"has-text-align-center\" data-align=\"center\">4\u00ba<\/td><td>21.10 a <br>21.50 hs<\/td><td>Alfabetizaci\u00f3n <br>Acad\u00e9mica<\/td><td>Pr\u00e1ctica I<\/td><td>Matem\u00e1ticas II<\/td><td>Psicolog\u00eda <br>Educacional<\/td><td>Historia de la <br>Educaci\u00f3n<\/td><\/tr><tr><td class=\"has-text-align-center\" data-align=\"center\">5\u00ba<\/td><td>22.00 a <br>22.40 hs<\/td><td>Historia de la <br>Educaci\u00f3n<\/td><td>Introducci\u00f3n al<br>Derecho<\/td><td>Matem\u00e1ticas II<\/td><td>Contabilidad I<\/td><td>Psicolog\u00eda <br>Educacional<\/td><\/tr><tr><td class=\"has-text-align-center\" data-align=\"center\">6\u00ba<\/td><td>22.40 a <br>23.20 hs<\/td><td>Historia de la <br>Educaci\u00f3n<\/td><td>Introducci\u00f3n al <br>Derecho<\/td><td>Matem\u00e1ticas II<\/td><td>Contabilidad I<\/td><td>Psicolog\u00eda <br>Educacional<\/td><\/tr><\/tbody><\/table><\/figure>\n\n\n\n<hr class=\"wp-block-separator has-alpha-channel-opacity\"\/>\n\n\n\n<p class=\"has-text-align-center\">SEGUNDO A\u00d1O<\/p>\n\n\n\n<p class=\"has-text-align-center\">PRIMER CUATRIMESTRE<\/p>\n\n\n\n<figure class=\"wp-block-table aligncenter is-style-stripes has-small-font-size\"><table class=\"has-contrast-color has-blush-light-purple-gradient-background has-text-color has-background\"><tbody><tr><td class=\"has-text-align-center\" data-align=\"center\">HORA<\/td><td><\/td><td>LUNES<\/td><td>MARTES<\/td><td>MIERCOLES<\/td><td>JUEVES<\/td><td>VIERNES<\/td><\/tr><tr><td class=\"has-text-align-center\" data-align=\"center\">PRE<\/td><td>18.20 a <br>19.00 hs<\/td><td>Pr\u00e1ctica II<\/td><td>Estad\u00edstica<br>Descriptiva<\/td><td>Estad\u00edstica <br>Descriptiva<\/td><td>Microeconom\u00eda<\/td><td>Microeconom\u00eda<\/td><\/tr><tr><td class=\"has-text-align-center\" data-align=\"center\">1\u00ba<\/td><td>19.00 a <br>19.40 hs<\/td><td>Pr\u00e1ctica II<\/td><td>Estad\u00edstica<br>Descriptiva<br><\/td><td>Estad\u00edstica <br>Descriptiva<\/td><td>Microeconom\u00eda<\/td><td>Microeconom\u00eda<\/td><\/tr><tr><td class=\"has-text-align-center\" data-align=\"center\">2\u00ba<\/td><td>19.40 a <br>20.20 hs<\/td><td>Pr\u00e1ctica  II<\/td><td>Estad\u00edstica<br>Descriptiva<br><\/td><td>Estad\u00edstica <br>Descriptiva<\/td><td>Microeconom\u00eda<\/td><td>Microeconom\u00eda<\/td><\/tr><tr><td class=\"has-text-align-center\" data-align=\"center\">3\u00ba<\/td><td>20.30 a <br>21.10 hs<\/td><td>Did\u00e1ctica <br>General<\/td><td>Did\u00e1ctica <br>General<\/td><td>Administraci\u00f3n I<\/td><td>Derecho <br>Empresario<\/td><td>Administraci\u00f3n I<\/td><\/tr><tr><td class=\"has-text-align-center\" data-align=\"center\">4\u00ba<\/td><td>21.10 a <br>21.50 hs<\/td><td>Did\u00e1ctica <br>General<\/td><td>Did\u00e1ctica<br>General<\/td><td>Administraci\u00f3n I<\/td><td>Derecho <br>Empresario<\/td><td>Administrac\u00f3n I<\/td><\/tr><tr><td class=\"has-text-align-center\" data-align=\"center\">5\u00ba<\/td><td>22.00 a <br>22.40 hs<\/td><td>Sociolog\u00eda de<br>la Educaci\u00f3n<\/td><td>Sujeto de la<br>Educaci\u00f3n<\/td><td>Sociolog\u00eda de la<br>Educaci\u00f3n<\/td><td>Derecho<br> Empresario<\/td><td>Sujeto de la<br>Educaci\u00f3n<\/td><\/tr><tr><td class=\"has-text-align-center\" data-align=\"center\">6\u00ba<\/td><td>22.40 a <br>23.20 hs<\/td><td>Sociolog\u00eda de <br>la Educaci<\/td><td>Sujeto de la<br>Educaci\u00f3n<\/td><td>Sociolog\u00eda de la<br>Educaci\u00f3n<\/td><td>Derecho <br>Empresario<\/td><td>Sujeto de la<br>Educaci\u00f3n<\/td><\/tr><\/tbody><\/table><\/figure>\n\n\n\n<p class=\"has-text-align-center\">SEGUNDO CUATRIMESTRE<\/p>\n\n\n\n<figure class=\"wp-block-table aligncenter is-style-stripes has-small-font-size\"><table class=\"has-contrast-color has-blush-light-purple-gradient-background has-text-color has-background\"><tbody><tr><td class=\"has-text-align-center\" data-align=\"center\">HORA<\/td><td><\/td><td>LUNES<\/td><td>MARTES<\/td><td>MIERCOLES<\/td><td>JUEVES<\/td><td>VIERNES<\/td><\/tr><tr><td class=\"has-text-align-center\" data-align=\"center\">PRE<\/td><td>18.20 a <br>19.00 hs<\/td><td>Pr\u00e1ctica II<\/td><td>Estad\u00edstica<br>Descriptiva<\/td><td>Estad\u00edstica <br>Descriptiva<\/td><td>Contabilidad II<\/td><td>Contabilidad II<\/td><\/tr><tr><td class=\"has-text-align-center\" data-align=\"center\">1\u00ba<\/td><td>19.00 a <br>19.40 hs<\/td><td>Pr\u00e1ctica II<\/td><td>Estad\u00edstica<br>Descriptiva<br><\/td><td>Estad\u00edstica <br>Descriptiva<\/td><td>Contabilidad II<\/td><td>Contabilidad II<\/td><\/tr><tr><td class=\"has-text-align-center\" data-align=\"center\">2\u00ba<\/td><td>19.40 a <br>20.20 hs<\/td><td>Pr\u00e1ctica  II<\/td><td>Estad\u00edstica<br>Descriptiva<br><\/td><td>Estad\u00edstica <br>Descriptiva<\/td><td>Contabilidad II<\/td><td>Contabilidad II<\/td><\/tr><tr><td class=\"has-text-align-center\" data-align=\"center\">3\u00ba<\/td><td>20.30 a <br>21.10 hs<\/td><td>Tecnolog\u00eda de la<br>Informaci\u00f3n y <br>Comunicaci\u00f3n<\/td><td>Did\u00e1ctica <br>General<\/td><td>Administraci\u00f3n I<\/td><td>Derecho <br>Empresario<\/td><td>Administraci\u00f3n I<\/td><\/tr><tr><td class=\"has-text-align-center\" data-align=\"center\">4\u00ba<\/td><td>21.10 a <br>21.50 hs<\/td><td>Tecnolog\u00eda de la<br>Informaci\u00f3n y<br>Comunicaci\u00f3n<\/td><td>Did\u00e1ctica<br>General<\/td><td>Administraci\u00f3n I<\/td><td>Derecho <br>Empresario<\/td><td>Administrac\u00f3n I<\/td><\/tr><tr><td class=\"has-text-align-center\" data-align=\"center\">5\u00ba<\/td><td>22.00 a <br>22.40 hs<\/td><td>Did\u00e1ctica <br>General<\/td><td>Sujeto de la<br>Educaci\u00f3n<\/td><td>Tecnolog\u00eda de la<br>Informaci\u00f3n y<br>Comunicaci\u00f3n<\/td><td>Derecho<br> Empresario<\/td><td>Sujeto de la<br>Educaci\u00f3n<\/td><\/tr><tr><td class=\"has-text-align-center\" data-align=\"center\">6\u00ba<\/td><td>22.40 a <br>23.20 hs<\/td><td>Did\u00e1ctica<br>General<\/td><td>Sujeto de la<br>Educaci\u00f3n<\/td><td>Tecnolog\u00eda de la<br>Informaci\u00f3n y<br>Comunicaci\u00f3n<\/td><td>Derecho <br>Empresario<\/td><td>Sujeto de la<br>Educaci\u00f3n<\/td><\/tr><\/tbody><\/table><\/figure>\n\n\n\n<hr class=\"wp-block-separator has-alpha-channel-opacity\"\/>\n\n\n\n<p class=\"has-text-align-center\">TERCER A\u00d1O<\/p>\n\n\n\n<p class=\"has-text-align-center\">PRIMER CUATRIMESTRE<\/p>\n\n\n\n<figure class=\"wp-block-table aligncenter is-style-stripes has-small-font-size\"><table class=\"has-contrast-color has-electric-grass-gradient-background has-text-color has-background\"><tbody><tr><td class=\"has-text-align-center\" data-align=\"center\">HORA<\/td><td><\/td><td>LUNES<\/td><td>MARTES<\/td><td>MIERCOLES<\/td><td>JUEVES<\/td><td>VIERNES<\/td><\/tr><tr><td class=\"has-text-align-center\" data-align=\"center\">PRE<\/td><td>18.20 a <br>19.00 hs<\/td><td><\/td><td><\/td><td>Pedagog\u00eda de <br>Proyectos <br>Econ\u00f3micos<\/td><td><\/td><td><\/td><\/tr><tr><td class=\"has-text-align-center\" data-align=\"center\">1\u00ba<\/td><td>19.00 a <br>19.40 hs<\/td><td>Tecnolog\u00eda de la <br>Informaci\u00f3n y <br>Comunicaci\u00f3n<br> Aplicada<\/td><td>C\u00e1lculo <br>Financiero<br><\/td><td>Tecnolog\u00eda de la<br>Informaci\u00f3n y<br>Comunicaci\u00f3n<br>Aplicada<\/td><td>Filosof\u00eda de <br>la Educaci\u00f3n<\/td><td>Filosof\u00eda de <br>la Educaci+on<\/td><\/tr><tr><td class=\"has-text-align-center\" data-align=\"center\">2\u00ba<\/td><td>19.40 a <br>20.20 hs<\/td><td>Tecnolog\u00eda de la<br>Informaci\u00f3n y <br>Ccomunicaci\u00f3n<br> Aplicada<\/td><td>C\u00e1lculo <br>Financiero<br><\/td><td>Tecnolog\u00eda de la <br>Informaci\u00f3n y<br>Comunicaci\u00f3n<br>Aplicada<\/td><td>Filosof\u00eda de<br>la Educaci\u00f3n<\/td><td>Filosof\u00eda de<br>la Educaci\u00f3n<\/td><\/tr><tr><td class=\"has-text-align-center\" data-align=\"center\">3\u00ba<\/td><td>20.30 a <br>21.10 hs<\/td><td>Pedagog\u00eda de<br>Proyectos <br>Econ\u00f3micos<\/td><td>Did\u00e1ctica de <br>la Econom\u00eda<br><\/td><td>Did\u00e1ctica de <br>la Econom\u00eda<\/td><td>Pr\u00e1ctica III<\/td><td>Pr\u00e1ctica III<\/td><\/tr><tr><td class=\"has-text-align-center\" data-align=\"center\">4\u00ba<\/td><td>21.10 a <br>21.50 hs<\/td><td>Pedagog\u00eda de <br>Proyectos <br>Econ\u00f3micos<\/td><td>Did\u00e1ctica de <br>la Econom\u00eda<br><\/td><td>Did\u00e1ctica de <br>la Econom\u00eda<\/td><td>Pr\u00e1ctica III<\/td><td>Pr\u00e1ctica III<\/td><\/tr><tr><td class=\"has-text-align-center\" data-align=\"center\">5\u00ba<\/td><td>22.00 a <br>22.40 hs<\/td><td>C\u00e1lculo<br>Financiero<\/td><td>Macroeconom\u00eda<\/td><td>Macroeconom\u00eda<\/td><td>Pr\u00e1ctica III<\/td><td>Pr\u00e1ctica III<\/td><\/tr><tr><td class=\"has-text-align-center\" data-align=\"center\">6\u00ba<\/td><td>22.40 a <br>23.20 hs<\/td><td>C\u00e1lculo <br>Financiero<br><\/td><td>Macroeconom\u00eda <\/td><td>Macroeconom\u00eda<\/td><td>Pedagog\u00eda de<br>Proyectos<br>Econ\u00f3micos<\/td><td><\/td><\/tr><\/tbody><\/table><\/figure>\n\n\n\n<hr class=\"wp-block-separator has-alpha-channel-opacity\"\/>\n","protected":false},"excerpt":{"rendered":"<p>Horarios sujetos a cambios en los cuatrimestres PRIMER CUATRIMESTRE PRIMER A\u00d1O HORA LUNES MARTES MIERCOLES JUEVES VIERNES PRE 18.20 a 19.00 hs Pr\u00e1ctica I Introducci\u00f3n alDerecho Principios de la Econom\u00eda Alfabetizaci\u00f3n Acad\u00e9mica 1\u00ba 19.00 a 19.40 hs Matematicas I Pedagog\u00eda Principios de laEconom\u00eda Principios de la Econom\u00eda Contabilidad I 2\u00ba 19.40 a 20.20 hs Matem\u00e1ticas &#8230; <a title=\"HORARIO Profesorado de Educaci\u00f3n Secundaria en Econom\u00eda\" class=\"read-more\" href=\"https:\/\/ifd23-sgo.infd.edu.ar\/sitio\/horario-tap\/\" aria-label=\"More on HORARIO Profesorado de Educaci\u00f3n Secundaria en Econom\u00eda\">[+]<\/a><\/p>\n","protected":false},"author":12,"featured_media":0,"parent":0,"menu_order":0,"comment_status":"closed","ping_status":"closed","template":"","meta":[],"acf":[],"_links":{"self":[{"href":"https:\/\/ifd23-sgo.infd.edu.ar\/sitio\/wp-json\/wp\/v2\/pages\/1161"}],"collection":[{"href":"https:\/\/ifd23-sgo.infd.edu.ar\/sitio\/wp-json\/wp\/v2\/pages"}],"about":[{"href":"https:\/\/ifd23-sgo.infd.edu.ar\/sitio\/wp-json\/wp\/v2\/types\/page"}],"author":[{"embeddable":true,"href":"https:\/\/ifd23-sgo.infd.edu.ar\/sitio\/wp-json\/wp\/v2\/users\/12"}],"replies":[{"embeddable":true,"href":"https:\/\/ifd23-sgo.infd.edu.ar\/sitio\/wp-json\/wp\/v2\/comments?post=1161"}],"version-history":[{"count":20,"href":"https:\/\/ifd23-sgo.infd.edu.ar\/sitio\/wp-json\/wp\/v2\/pages\/1161\/revisions"}],"predecessor-version":[{"id":3301,"href":"https:\/\/ifd23-sgo.infd.edu.ar\/sitio\/wp-json\/wp\/v2\/pages\/1161\/revisions\/3301"}],"wp:attachment":[{"href":"https:\/\/ifd23-sgo.infd.edu.ar\/sitio\/wp-json\/wp\/v2\/media?parent=1161"}],"curies":[{"name":"wp","href":"https:\/\/api.w.org\/{rel}","templated":true}]}}