{"id":1159,"date":"2020-09-24T22:51:01","date_gmt":"2020-09-25T01:51:01","guid":{"rendered":"https:\/\/ifd23-sgo.infd.edu.ar\/sitio\/?page_id=1159"},"modified":"2026-03-18T21:40:02","modified_gmt":"2026-03-19T00:40:02","slug":"horarios-pep","status":"publish","type":"page","link":"https:\/\/ifd23-sgo.infd.edu.ar\/sitio\/horarios-pep\/","title":{"rendered":"HORARIO Profesorado de Ense\u00f1anza Primaria"},"content":{"rendered":"\n<h4 class=\"wp-block-heading has-text-align-center\">PRIMER CUATRIMESTRE<\/h4>\n\n\n\n<h6 class=\"wp-block-heading has-text-align-center\">(Ambos cuatrimestres pueden estar sujetos a cambios)<\/h6>\n\n\n\n<p class=\"has-text-align-center\"><strong>CUARTO A\u00d1O<\/strong><\/p>\n\n\n\n<figure class=\"wp-block-table aligncenter has-small-font-size\"><table><tbody><tr><td class=\"has-text-align-center\" data-align=\"center\">     <span class=\"has-inline-color has-vivid-red-color\"> HORA<\/span><\/td><td><\/td><td class=\"has-text-align-center\" data-align=\"center\">    <span class=\"has-inline-color has-vivid-red-color\">LUNES<\/span><\/td><td class=\"has-text-align-center\" data-align=\"center\">      <span class=\"has-inline-color has-vivid-red-color\">MARTES<\/span><\/td><td class=\"has-text-align-center\" data-align=\"center\">    <span class=\"has-inline-color has-vivid-red-color\">MI\u00c9RCOLES<\/span><\/td><td class=\"has-text-align-center\" data-align=\"center\">    <span class=\"has-inline-color has-vivid-red-color\">JUEVES<\/span><\/td><td class=\"has-text-align-center\" data-align=\"center\">     <span class=\"has-inline-color has-vivid-red-color\">VIERNES<\/span><\/td><\/tr><tr><td class=\"has-text-align-center\" data-align=\"center\"><span class=\"has-inline-color has-vivid-cyan-blue-color\">PRE<\/span><\/td><td>18.20 a<br>19. 00 hs<\/td><td class=\"has-text-align-center\" data-align=\"center\"><strong>&#8211;<\/strong><\/td><td class=\"has-text-align-center\" data-align=\"center\"><strong>&#8211;<\/strong><\/td><td class=\"has-text-align-center\" data-align=\"center\"><strong>&#8211;<\/strong><\/td><td class=\"has-text-align-center\" data-align=\"center\"><strong>&#8211;<\/strong><\/td><td class=\"has-text-align-center\" data-align=\"center\"><strong><span class=\"has-inline-color has-luminous-vivid-orange-color\">RESID. Y SIST.<\/span><\/strong><\/td><\/tr><tr><td class=\"has-text-align-center\" data-align=\"center\"><span class=\"has-inline-color has-vivid-cyan-blue-color\">1ra<\/span><\/td><td>19.00 a<br>19.40 hs<\/td><td class=\"has-text-align-center\" data-align=\"center\"><strong>&#8211;<\/strong><\/td><td class=\"has-text-align-center\" data-align=\"center\"><strong><strong><span class=\"has-inline-color has-vivid-purple-color\">CONDICI\u00d3N Y T. D.<\/span><\/strong><\/strong><\/td><td class=\"has-text-align-center\" data-align=\"center\"><strong><strong><span class=\"has-inline-color has-vivid-purple-color\">CONDICI\u00d3N Y T. D.<\/span><\/strong><\/strong><\/td><td class=\"has-text-align-center\" data-align=\"center\"><strong><span class=\"has-inline-color has-pale-pink-color\">\u00c9TICA Y DEONT.<\/span><\/strong><\/td><td class=\"has-text-align-center\" data-align=\"center\"><strong><span class=\"has-inline-color has-luminous-vivid-orange-color\">RESID. Y SIST.<\/span><\/strong><\/td><\/tr><tr><td class=\"has-text-align-center\" data-align=\"center\"><span class=\"has-inline-color has-vivid-cyan-blue-color\">2da<\/span><\/td><td>19.40 a<br>20.20 hs<\/td><td class=\"has-text-align-center\" data-align=\"center\"><strong>&#8211;<\/strong><\/td><td class=\"has-text-align-center\" data-align=\"center\"><strong><strong><span class=\"has-inline-color has-vivid-purple-color\">CONDICI\u00d3N Y T. D.<\/span><\/strong><\/strong><\/td><td class=\"has-text-align-center\" data-align=\"center\"><strong><strong><span class=\"has-inline-color has-vivid-purple-color\">CONDICI\u00d3N Y T. D.<\/span><\/strong><\/strong><\/td><td class=\"has-text-align-center\" data-align=\"center\"><strong><span class=\"has-inline-color has-pale-pink-color\">\u00c9TICA Y DEONT.<\/span><\/strong><\/td><td class=\"has-text-align-center\" data-align=\"center\"><strong><span class=\"has-inline-color has-luminous-vivid-orange-color\">RESID. Y SIST.<\/span><\/strong><\/td><\/tr><tr><td class=\"has-text-align-center\" data-align=\"center\"><span class=\"has-inline-color has-vivid-cyan-blue-color\">3ra<\/span><\/td><td>20.30 a<br>21.10 hs<\/td><td class=\"has-text-align-center\" data-align=\"center\"><strong><span class=\"has-inline-color has-luminous-vivid-orange-color\">RESID. Y SIST.<\/span><\/strong><\/td><td class=\"has-text-align-center\" data-align=\"center\"><strong><span class=\"has-inline-color has-luminous-vivid-orange-color\">RESID. Y SIST.<\/span><\/strong><\/td><td class=\"has-text-align-center\" data-align=\"center\"><strong><span class=\"has-inline-color has-luminous-vivid-orange-color\">RESID. Y SIST.<\/span><\/strong><\/td><td class=\"has-text-align-center\" data-align=\"center\"><strong><span class=\"has-inline-color has-pale-pink-color\">\u00c9TICA Y DEONT.<\/span><\/strong><\/td><td class=\"has-text-align-center\" data-align=\"center\"><strong><span class=\"has-inline-color has-luminous-vivid-orange-color\">RESID. Y SIST.<\/span><\/strong><\/td><\/tr><tr><td class=\"has-text-align-center\" data-align=\"center\"><span class=\"has-inline-color has-vivid-cyan-blue-color\">4ta<\/span><\/td><td>21.10 a<br>21.50 hs<\/td><td class=\"has-text-align-center\" data-align=\"center\"><strong><span class=\"has-inline-color has-luminous-vivid-orange-color\">RESID. Y SIST.<\/span><\/strong><\/td><td class=\"has-text-align-center\" data-align=\"center\"><strong><span class=\"has-inline-color has-luminous-vivid-orange-color\">RESID. Y SIST.<\/span><\/strong><\/td><td class=\"has-text-align-center\" data-align=\"center\"><strong><span class=\"has-inline-color has-luminous-vivid-orange-color\">RESID. Y SIST.<\/span><\/strong><\/td><td class=\"has-text-align-center\" data-align=\"center\"><strong><span class=\"has-inline-color has-pale-pink-color\">\u00c9TICA Y DEONT.<\/span><\/strong><\/td><td class=\"has-text-align-center\" data-align=\"center\"><strong>&#8211;<\/strong><\/td><\/tr><tr><td class=\"has-text-align-center\" data-align=\"center\"><span class=\"has-inline-color has-vivid-cyan-blue-color\">5ta<\/span><\/td><td>22.00 a<br>22.40 hs<\/td><td class=\"has-text-align-center\" data-align=\"center\"><strong>&#8211;<\/strong><\/td><td class=\"has-text-align-center\" data-align=\"center\"><strong><span class=\"has-inline-color has-luminous-vivid-orange-color\">RESID. Y SIST.<\/span><\/strong><\/td><td class=\"has-text-align-center\" data-align=\"center\"><strong><span class=\"has-inline-color has-luminous-vivid-orange-color\">RESID. Y SIST.<\/span><\/strong><\/td><td class=\"has-text-align-center\" data-align=\"center\"><strong>&#8211;<\/strong><\/td><td class=\"has-text-align-center\" data-align=\"center\"><strong>&#8211;<\/strong><\/td><\/tr><\/tbody><\/table><\/figure>\n\n\n\n<p class=\"has-text-align-center has-medium-font-size\"><strong>SEGUNDO  CUATRIMESTRE <\/strong><\/p>\n\n\n\n<p class=\"has-text-align-center\"><strong>CUARTO A\u00d1O<\/strong><\/p>\n\n\n\n<figure class=\"wp-block-table aligncenter is-style-stripes has-small-font-size\"><table class=\"has-contrast-3-background-color has-background\"><tbody><tr><td class=\"has-text-align-center\" data-align=\"center\">     <mark style=\"background-color:rgba(0, 0, 0, 0)\" class=\"has-inline-color has-vivid-red-color\"> <strong>HORA<\/strong><\/mark><\/td><td class=\"has-text-align-center\" data-align=\"center\">    <mark style=\"background-color:rgba(0, 0, 0, 0)\" class=\"has-inline-color has-vivid-red-color\"><strong>LUNES<\/strong><\/mark><\/td><td class=\"has-text-align-center\" data-align=\"center\">      <mark style=\"background-color:rgba(0, 0, 0, 0)\" class=\"has-inline-color has-vivid-red-color\"><strong>MARTES<\/strong><\/mark><\/td><td class=\"has-text-align-center\" data-align=\"center\">    <mark style=\"background-color:rgba(0, 0, 0, 0)\" class=\"has-inline-color has-vivid-red-color\"><strong>MI\u00c9RCOLES<\/strong><\/mark><\/td><td class=\"has-text-align-center\" data-align=\"center\">    <mark style=\"background-color:rgba(0, 0, 0, 0)\" class=\"has-inline-color has-vivid-red-color\"><strong>JUEVES<\/strong><\/mark><\/td><td class=\"has-text-align-center\" data-align=\"center\">     <mark style=\"background-color:rgba(0, 0, 0, 0)\" class=\"has-inline-color has-vivid-red-color\"><strong>VIERNES<\/strong><\/mark><\/td><\/tr><tr><td class=\"has-text-align-center\" data-align=\"center\"><span class=\"has-inline-color has-vivid-cyan-blue-color\">1ra<\/span><\/td><td class=\"has-text-align-center\" data-align=\"center\"><strong><mark style=\"background-color:rgba(0, 0, 0, 0)\" class=\"has-inline-color has-vivid-green-cyan-color\">INTEG. E INCLUSI\u00d3N<\/mark><\/strong><\/td><td class=\"has-text-align-center\" data-align=\"center\"><strong><span class=\"has-inline-color has-luminous-vivid-orange-color\">RESID. Y SISTEM.<\/span><\/strong><\/td><td class=\"has-text-align-center\" data-align=\"center\"><strong><span class=\"has-inline-color has-vivid-green-cyan-color\">INTEG. E INCLUSI\u00d3N<\/span><\/strong><\/td><td class=\"has-text-align-center\" data-align=\"center\"><strong><span class=\"has-inline-color has-vivid-cyan-blue-color\">LEGISLACI\u00d3N ESCOLAR<\/span><\/strong><\/td><td class=\"has-text-align-center\" data-align=\"center\"><strong><span class=\"has-inline-color has-luminous-vivid-orange-color\">RESID. Y SISTEM.<\/span><\/strong><\/td><\/tr><tr><td class=\"has-text-align-center\" data-align=\"center\"><span class=\"has-inline-color has-vivid-cyan-blue-color\">2da<\/span><\/td><td class=\"has-text-align-center\" data-align=\"center\"><strong><mark style=\"background-color:rgba(0, 0, 0, 0)\" class=\"has-inline-color has-vivid-green-cyan-color\">INTEG. E INCLUSI\u00d3N<\/mark><\/strong><\/td><td class=\"has-text-align-center\" data-align=\"center\"><strong><span class=\"has-inline-color has-luminous-vivid-orange-color\">RESID. Y SISTEM.<\/span><\/strong><\/td><td class=\"has-text-align-center\" data-align=\"center\"><strong><span class=\"has-inline-color has-vivid-green-cyan-color\">INTEG. E INCLUSI\u00d3N<\/span><\/strong><\/td><td class=\"has-text-align-center\" data-align=\"center\"><strong><span class=\"has-inline-color has-vivid-cyan-blue-color\">LEGISLACI\u00d3N ESCOLAR<\/span><\/strong><\/td><td class=\"has-text-align-center\" data-align=\"center\"><strong><span class=\"has-inline-color has-luminous-vivid-orange-color\">RESID. Y SISTEM.<\/span><\/strong><\/td><\/tr><tr><td class=\"has-text-align-center\" data-align=\"center\"><span class=\"has-inline-color has-vivid-cyan-blue-color\">3ra<\/span><\/td><td class=\"has-text-align-center\" data-align=\"center\"><strong><mark style=\"background-color:rgba(0, 0, 0, 0)\" class=\"has-inline-color has-luminous-vivid-orange-color\">RESID. Y SISTEM.<\/mark><\/strong><\/td><td class=\"has-text-align-center\" data-align=\"center\"><strong><span class=\"has-inline-color has-luminous-vivid-orange-color\">RESID. Y SISTEM.<\/span><\/strong><\/td><td class=\"has-text-align-center\" data-align=\"center\"><strong><span class=\"has-inline-color has-luminous-vivid-orange-color\">RESID. Y SISTEM.<\/span><\/strong><\/td><td class=\"has-text-align-center\" data-align=\"center\"><strong><span class=\"has-inline-color has-vivid-cyan-blue-color\">LEGISLACI\u00d3N ESCOLAR<\/span><\/strong><\/td><td class=\"has-text-align-center\" data-align=\"center\"><strong><span class=\"has-inline-color has-luminous-vivid-orange-color\">RESID. Y SISTEM.<\/span><\/strong><\/td><\/tr><tr><td class=\"has-text-align-center\" data-align=\"center\"><span class=\"has-inline-color has-vivid-cyan-blue-color\">4ta<\/span><\/td><td class=\"has-text-align-center\" data-align=\"center\"><strong><mark style=\"background-color:rgba(0, 0, 0, 0)\" class=\"has-inline-color has-luminous-vivid-orange-color\">RESID. Y SISTEM.<\/mark><\/strong><\/td><td class=\"has-text-align-center\" data-align=\"center\"><strong>&#8211;<\/strong><\/td><td class=\"has-text-align-center\" data-align=\"center\"><strong><span class=\"has-inline-color has-luminous-vivid-orange-color\">RESID. Y SISTEM.<\/span><\/strong><\/td><td class=\"has-text-align-center\" data-align=\"center\"><strong><mark style=\"background-color:rgba(0, 0, 0, 0)\" class=\"has-inline-color has-vivid-cyan-blue-color\">LEGISLACI\u00d3N ESCOLAR<\/mark><\/strong><\/td><td class=\"has-text-align-center\" data-align=\"center\"><strong><span class=\"has-inline-color has-luminous-vivid-orange-color\">RESID. Y SISTEM.<\/span><\/strong><\/td><\/tr><tr><td class=\"has-text-align-center\" data-align=\"center\"><span class=\"has-inline-color has-vivid-cyan-blue-color\">5ta<\/span><\/td><td class=\"has-text-align-center\" data-align=\"center\"><strong>&#8211;<\/strong><\/td><td class=\"has-text-align-center\" data-align=\"center\"><strong>&#8211;<\/strong><\/td><td class=\"has-text-align-center\" data-align=\"center\"><strong><span class=\"has-inline-color has-luminous-vivid-orange-color\">RESID. Y SISTEM.<\/span><\/strong><\/td><td class=\"has-text-align-center\" data-align=\"center\"><strong>&#8211;<\/strong><\/td><td class=\"has-text-align-center\" data-align=\"center\"><strong>&#8211;<\/strong><\/td><\/tr><\/tbody><\/table><\/figure>\n\n\n<p style=\"text-align: center;\">\n<\/p><h2 style=\"text-align: center;\">&nbsp;<\/h2>\n<p style=\"text-align: center;\">\n<\/p><h1 style=\"text-align: center;\">&nbsp;<\/h1>\n<h2 style=\"text-align: center;\">&nbsp;<\/h2>\n<h2 style=\"text-align: center;\">&nbsp;<\/h2>\n\n\n<p><\/p>\n","protected":false},"excerpt":{"rendered":"<p>PRIMER CUATRIMESTRE (Ambos cuatrimestres pueden estar sujetos a cambios) CUARTO A\u00d1O HORA LUNES MARTES MI\u00c9RCOLES JUEVES VIERNES PRE 18.20 a19. 00 hs &#8211; &#8211; &#8211; &#8211; RESID. Y SIST. 1ra 19.00 a19.40 hs &#8211; CONDICI\u00d3N Y T. D. CONDICI\u00d3N Y T. D. \u00c9TICA Y DEONT. RESID. Y SIST. 2da 19.40 a20.20 hs &#8211; CONDICI\u00d3N Y &#8230; <a title=\"HORARIO Profesorado de Ense\u00f1anza Primaria\" class=\"read-more\" href=\"https:\/\/ifd23-sgo.infd.edu.ar\/sitio\/horarios-pep\/\" aria-label=\"More on HORARIO Profesorado de Ense\u00f1anza Primaria\">[+]<\/a><\/p>\n","protected":false},"author":12,"featured_media":0,"parent":0,"menu_order":0,"comment_status":"closed","ping_status":"closed","template":"","meta":[],"acf":[],"_links":{"self":[{"href":"https:\/\/ifd23-sgo.infd.edu.ar\/sitio\/wp-json\/wp\/v2\/pages\/1159"}],"collection":[{"href":"https:\/\/ifd23-sgo.infd.edu.ar\/sitio\/wp-json\/wp\/v2\/pages"}],"about":[{"href":"https:\/\/ifd23-sgo.infd.edu.ar\/sitio\/wp-json\/wp\/v2\/types\/page"}],"author":[{"embeddable":true,"href":"https:\/\/ifd23-sgo.infd.edu.ar\/sitio\/wp-json\/wp\/v2\/users\/12"}],"replies":[{"embeddable":true,"href":"https:\/\/ifd23-sgo.infd.edu.ar\/sitio\/wp-json\/wp\/v2\/comments?post=1159"}],"version-history":[{"count":30,"href":"https:\/\/ifd23-sgo.infd.edu.ar\/sitio\/wp-json\/wp\/v2\/pages\/1159\/revisions"}],"predecessor-version":[{"id":3299,"href":"https:\/\/ifd23-sgo.infd.edu.ar\/sitio\/wp-json\/wp\/v2\/pages\/1159\/revisions\/3299"}],"wp:attachment":[{"href":"https:\/\/ifd23-sgo.infd.edu.ar\/sitio\/wp-json\/wp\/v2\/media?parent=1159"}],"curies":[{"name":"wp","href":"https:\/\/api.w.org\/{rel}","templated":true}]}}