{"id":1149,"date":"2020-09-24T22:27:31","date_gmt":"2020-09-25T01:27:31","guid":{"rendered":"https:\/\/ifd23-sgo.infd.edu.ar\/sitio\/?page_id=1149"},"modified":"2025-09-03T19:27:56","modified_gmt":"2025-09-03T22:27:56","slug":"autoridades","status":"publish","type":"page","link":"https:\/\/ifd23-sgo.infd.edu.ar\/sitio\/autoridades\/","title":{"rendered":"Autoridades"},"content":{"rendered":"<p style=\"text-align: center;\"><strong>Rectora<\/strong>: Prof. Emilia In\u00e9s SANCHEZ<\/p>\n<p style=\"text-align: center;\"><strong>Directora de Carrera<\/strong>: Prof. Rosa Andrea SUAREZ (Profesorado de Educaci\u00f3n Primaria)<\/p>\n<p style=\"padding-left: 150px; text-align: center;\">\u00a0 \u00a0\u00a0<strong>Jefa Secci\u00f3n Alumnos<\/strong>: Prof. Ver\u00f3nica VILLALBA<\/p>\n<p style=\"text-align: center;\"><strong>Auxiliar de Secretar\u00eda <\/strong>: Prof. Roxana ENRIQUEZ<\/p>\n<p style=\"text-align: center;\">\u00a0 \u00a0 \u00a0 \u00a0 \u00a0 \u00a0 \u00a0 \u00a0 \u00a0 \u00a0 \u00a0 \u00a0 \u00a0 \u00a0 \u00a0<strong>Bedeles<\/strong>: \u00a0 \u00a0 \u00a0 \u00a0 Lic. Ram\u00f3n HERRERA JAIME<\/p>\n<p style=\"padding-left: 60px; text-align: center;\">\u00a0 \u00a0 \u00a0 \u00a0 \u00a0 \u00a0 \u00a0 \u00a0 \u00a0 \u00a0 \u00a0 \u00a0 \u00a0 \u00a0 \u00a0 \u00a0 \u00a0 Prof. Julio MALDONADO<\/p>\n<p style=\"text-align: center;\"><strong>Bibliotecario<\/strong>: Prof. Rodrigo GONZALEZ<\/p>\n<p style=\"text-align: center;\"><strong>Ayudante Trabajo Pr\u00e1ctico<\/strong>: Prof. Alejandro JEREZ<\/p>\n<p style=\"text-align: center;\">\u00a0 \u00a0 \u00a0 \u00a0 \u00a0 \u00a0 \u00a0 \u00a0 \u00a0 \u00a0 \u00a0 \u00a0 \u00a0 \u00a0 \u00a0 \u00a0 \u00a0 \u00a0 \u00a0 \u00a0 \u00a0 \u00a0 \u00a0 \u00a0 \u00a0 \u00a0 \u00a0 \u00a0 \u00a0 \u00a0 \u00a0 \u00a0Prof. Carolina BERTOTO<\/p>\n<p style=\"text-align: center;\"><strong>Personal de Maestranza:\u00a0<\/strong><\/p>\n","protected":false},"excerpt":{"rendered":"<p>Rectora: Prof. Emilia In\u00e9s SANCHEZ Directora de Carrera: Prof. Rosa Andrea SUAREZ (Profesorado de Educaci\u00f3n Primaria) \u00a0 \u00a0\u00a0Jefa Secci\u00f3n Alumnos: Prof. Ver\u00f3nica VILLALBA Auxiliar de Secretar\u00eda : Prof. Roxana ENRIQUEZ \u00a0 \u00a0 \u00a0 \u00a0 \u00a0 \u00a0 \u00a0 \u00a0 \u00a0 \u00a0 \u00a0 \u00a0 \u00a0 \u00a0 \u00a0Bedeles: \u00a0 \u00a0 \u00a0 \u00a0 Lic. Ram\u00f3n HERRERA JAIME \u00a0 \u00a0 &#8230; <a title=\"Autoridades\" class=\"read-more\" href=\"https:\/\/ifd23-sgo.infd.edu.ar\/sitio\/autoridades\/\" aria-label=\"More on Autoridades\">[+]<\/a><\/p>\n","protected":false},"author":12,"featured_media":0,"parent":0,"menu_order":0,"comment_status":"closed","ping_status":"closed","template":"","meta":[],"acf":[],"_links":{"self":[{"href":"https:\/\/ifd23-sgo.infd.edu.ar\/sitio\/wp-json\/wp\/v2\/pages\/1149"}],"collection":[{"href":"https:\/\/ifd23-sgo.infd.edu.ar\/sitio\/wp-json\/wp\/v2\/pages"}],"about":[{"href":"https:\/\/ifd23-sgo.infd.edu.ar\/sitio\/wp-json\/wp\/v2\/types\/page"}],"author":[{"embeddable":true,"href":"https:\/\/ifd23-sgo.infd.edu.ar\/sitio\/wp-json\/wp\/v2\/users\/12"}],"replies":[{"embeddable":true,"href":"https:\/\/ifd23-sgo.infd.edu.ar\/sitio\/wp-json\/wp\/v2\/comments?post=1149"}],"version-history":[{"count":17,"href":"https:\/\/ifd23-sgo.infd.edu.ar\/sitio\/wp-json\/wp\/v2\/pages\/1149\/revisions"}],"predecessor-version":[{"id":3219,"href":"https:\/\/ifd23-sgo.infd.edu.ar\/sitio\/wp-json\/wp\/v2\/pages\/1149\/revisions\/3219"}],"wp:attachment":[{"href":"https:\/\/ifd23-sgo.infd.edu.ar\/sitio\/wp-json\/wp\/v2\/media?parent=1149"}],"curies":[{"name":"wp","href":"https:\/\/api.w.org\/{rel}","templated":true}]}}