{"id":1147,"date":"2020-09-24T22:26:52","date_gmt":"2020-09-25T01:26:52","guid":{"rendered":"https:\/\/ifd23-sgo.infd.edu.ar\/sitio\/?page_id=1147"},"modified":"2026-03-18T19:13:56","modified_gmt":"2026-03-18T22:13:56","slug":"cuerpo-docente","status":"publish","type":"page","link":"https:\/\/ifd23-sgo.infd.edu.ar\/sitio\/cuerpo-docente\/","title":{"rendered":"Cuerpo Docente"},"content":{"rendered":"\n<div class=\"wp-block-columns is-layout-flex wp-container-5\">\n<div class=\"wp-block-column is-layout-flow\">\n<div class=\"wp-block-group has-luminous-vivid-amber-to-luminous-vivid-orange-gradient-background has-background is-layout-constrained\"><div class=\"wp-block-group__inner-container\">\n<p class=\"has-text-align-center\"><strong><em>PROFESORADO DE EDUCACI\u00d3N PRIMARIA CON ORIENTACI\u00d3N RURAL<\/em><\/strong><\/p>\n\n\n\n<ul>\n<li class=\"has-small-font-size\">Prof. CANTONI Marcela<\/li>\n\n\n\n<li class=\"has-small-font-size\">Lic. CARABAJAL Sergio<\/li>\n\n\n\n<li class=\"has-small-font-size\">Prof. FONSECA Raquel<\/li>\n\n\n\n<li class=\"has-small-font-size\">Prof. FRAGALITI Bel\u00e9n<\/li>\n\n\n\n<li class=\"has-small-font-size\">Lic. IBARRA Claudia<\/li>\n\n\n\n<li class=\"has-small-font-size\">Prof. JUAREZ Carlos<\/li>\n\n\n\n<li class=\"has-small-font-size\">Lic. MONGE Patricia<\/li>\n\n\n\n<li class=\"has-small-font-size\">Prof. MONTES Gabriela<\/li>\n\n\n\n<li class=\"has-small-font-size\">Mgtr. ORDO\u00d1EZ Marcos<\/li>\n\n\n\n<li class=\"has-small-font-size\">Prof. PAZ Carlos<\/li>\n\n\n\n<li class=\"has-small-font-size\">Lic. PONCE Miriam<\/li>\n\n\n\n<li class=\"has-small-font-size\">Lic. SANCHES Emilia In\u00e9s <\/li>\n\n\n\n<li class=\"has-small-font-size\">Prof. SUAREZ Rosa Andrea<\/li>\n\n\n\n<li class=\"has-small-font-size\">Prof. VICENTE Mariela<\/li>\n\n\n\n<li class=\"has-small-font-size\">Lic VITAR Luciano <\/li>\n<\/ul>\n<\/div><\/div>\n\n\n\n<p><\/p>\n\n\n\n<p><\/p>\n<\/div>\n\n\n\n<div class=\"wp-block-column is-layout-flow\">\n<div class=\"wp-block-group has-blush-light-purple-gradient-background has-background has-small-font-size is-layout-constrained\"><div class=\"wp-block-group__inner-container\">\n<p class=\"has-text-align-center\"><strong><em>PROFESORADO DE EDUCACI\u00d3N SECUNDARIA DE ECONOM\u00cdA<\/em><\/strong><\/p>\n\n\n\n<ul>\n<li>Lic. CARABAJAL Sergio<\/li>\n\n\n\n<li>Prof. GONZALEZ Ariel<\/li>\n\n\n\n<li>Lic. IBARRA Claudia<\/li>\n\n\n\n<li>Lic. JEREZ Alejandro<\/li>\n\n\n\n<li>Prof. JUAREZ Carlos<\/li>\n\n\n\n<li>Lic. MONGE Patricia<\/li>\n\n\n\n<li>Prof. MONTES Gabriela<\/li>\n\n\n\n<li>Prof. NORIEGA Cintia<\/li>\n\n\n\n<li>Mgtr. ORDO\u00d1EZ Marcos<\/li>\n\n\n\n<li>Prof. PAZ Carlos<\/li>\n\n\n\n<li>Mgtr. PAZ Silvina<\/li>\n\n\n\n<li>Lic. PONCE Miriam<\/li>\n\n\n\n<li>Prof. SE\u00da Juan Pablo<\/li>\n\n\n\n<li>Prof. VICENTE Mariela<\/li>\n\n\n\n<li>Lic VITAR Luciano<\/li>\n\n\n\n<li>Prof. VITTAR Fernanda<\/li>\n<\/ul>\n<\/div><\/div>\n<\/div>\n<\/div>\n","protected":false},"excerpt":{"rendered":"<p>PROFESORADO DE EDUCACI\u00d3N PRIMARIA CON ORIENTACI\u00d3N RURAL PROFESORADO DE EDUCACI\u00d3N SECUNDARIA DE ECONOM\u00cdA<\/p>\n","protected":false},"author":12,"featured_media":0,"parent":0,"menu_order":0,"comment_status":"closed","ping_status":"closed","template":"","meta":[],"acf":[],"_links":{"self":[{"href":"https:\/\/ifd23-sgo.infd.edu.ar\/sitio\/wp-json\/wp\/v2\/pages\/1147"}],"collection":[{"href":"https:\/\/ifd23-sgo.infd.edu.ar\/sitio\/wp-json\/wp\/v2\/pages"}],"about":[{"href":"https:\/\/ifd23-sgo.infd.edu.ar\/sitio\/wp-json\/wp\/v2\/types\/page"}],"author":[{"embeddable":true,"href":"https:\/\/ifd23-sgo.infd.edu.ar\/sitio\/wp-json\/wp\/v2\/users\/12"}],"replies":[{"embeddable":true,"href":"https:\/\/ifd23-sgo.infd.edu.ar\/sitio\/wp-json\/wp\/v2\/comments?post=1147"}],"version-history":[{"count":30,"href":"https:\/\/ifd23-sgo.infd.edu.ar\/sitio\/wp-json\/wp\/v2\/pages\/1147\/revisions"}],"predecessor-version":[{"id":3297,"href":"https:\/\/ifd23-sgo.infd.edu.ar\/sitio\/wp-json\/wp\/v2\/pages\/1147\/revisions\/3297"}],"wp:attachment":[{"href":"https:\/\/ifd23-sgo.infd.edu.ar\/sitio\/wp-json\/wp\/v2\/media?parent=1147"}],"curies":[{"name":"wp","href":"https:\/\/api.w.org\/{rel}","templated":true}]}}