{"id":1139,"date":"2020-09-24T22:17:41","date_gmt":"2020-09-25T01:17:41","guid":{"rendered":"https:\/\/ifd23-sgo.infd.edu.ar\/sitio\/?page_id=1139"},"modified":"2024-03-22T19:58:35","modified_gmt":"2024-03-22T22:58:35","slug":"historia-institucional","status":"publish","type":"page","link":"https:\/\/ifd23-sgo.infd.edu.ar\/sitio\/historia-institucional\/","title":{"rendered":"Historia Institucional"},"content":{"rendered":"\n<div class=\"wp-block-group has-light-green-cyan-to-vivid-green-cyan-gradient-background has-background is-layout-constrained\"><div class=\"wp-block-group__inner-container\">\n<p>La Instituci\u00f3n surge a ra\u00edz de las necesidades de j\u00f3venes alumnos que deseosos de continuar estudios superiores y que, por razones econ\u00f3micas no pod\u00edan trasladarse hacia otros centros urbanos. Haci\u00e9ndose eco de esta inquietud comunitaria, autoridades municipales y gubernamentales de la provincia la crearon mediante Resoluci\u00f3n N\u00b0 143 de fecha 29 de Abril del a\u00f1o 1992, seg\u00fan Expediente N\u00b0\u00a0 54\/78\/92, siendo inaugurada el <strong>11 de Mayo de 1992<\/strong>.<\/p>\n\n\n\n<p>Desde su fundaci\u00f3n hasta la fecha, mantuvo la matr\u00edcula de inscripci\u00f3n, con los normales altibajos y fluctuaciones; increment\u00f3 el material bibliogr\u00e1fico y recibi\u00f3 beneficios de la Red Federal y del ahora <strong>Instituto Nacional de Formaci\u00f3n Docente<\/strong>, permitiendo que los destinatarios ampl\u00eden sus horizontes de conocimientos y capacitaci\u00f3n.<\/p>\n\n\n\n<p class=\"has-contrast-color has-text-color\">Se operaron cambios en lo edilicio, ya que se logr\u00f3 tener un sector y un acceso propio dentro del edificio escolar; la planta funcional se fue incrementando de acuerdo a las necesidades acad\u00e9micas y organizacionales. En general, las transformaciones operadas en la Instituci\u00f3n permitieron darle una personalidad e identidad propia ante la comunidad.<\/p>\n\n\n\n<p>La Institutci\u00f3n actualmente cuenta con tres carreras, dos profesorados y una tecnicatura. Son el  <strong>PROFESORADO DE ECUCACI\u00d3N PRIMARIA CON ORIENTACI\u00d3N RURAL, PROFESORADO DE EDUCACI\u00d3N SECUNDARIA DE ECONOM\u00cdA <\/strong>y la <strong>TECNICATURA EN ADMINISTRACI\u00d3N P\u00daBLICA Y DESARROLLO LOCAL<\/strong>.<\/p>\n<\/div><\/div>\n","protected":false},"excerpt":{"rendered":"<p>La Instituci\u00f3n surge a ra\u00edz de las necesidades de j\u00f3venes alumnos que deseosos de continuar estudios superiores y que, por razones econ\u00f3micas no pod\u00edan trasladarse hacia otros centros urbanos. Haci\u00e9ndose eco de esta inquietud comunitaria, autoridades municipales y gubernamentales de la provincia la crearon mediante Resoluci\u00f3n N\u00b0 143 de fecha 29 de Abril del a\u00f1o &#8230; <a title=\"Historia Institucional\" class=\"read-more\" href=\"https:\/\/ifd23-sgo.infd.edu.ar\/sitio\/historia-institucional\/\" aria-label=\"More on Historia Institucional\">[+]<\/a><\/p>\n","protected":false},"author":12,"featured_media":0,"parent":0,"menu_order":0,"comment_status":"closed","ping_status":"closed","template":"","meta":[],"acf":[],"_links":{"self":[{"href":"https:\/\/ifd23-sgo.infd.edu.ar\/sitio\/wp-json\/wp\/v2\/pages\/1139"}],"collection":[{"href":"https:\/\/ifd23-sgo.infd.edu.ar\/sitio\/wp-json\/wp\/v2\/pages"}],"about":[{"href":"https:\/\/ifd23-sgo.infd.edu.ar\/sitio\/wp-json\/wp\/v2\/types\/page"}],"author":[{"embeddable":true,"href":"https:\/\/ifd23-sgo.infd.edu.ar\/sitio\/wp-json\/wp\/v2\/users\/12"}],"replies":[{"embeddable":true,"href":"https:\/\/ifd23-sgo.infd.edu.ar\/sitio\/wp-json\/wp\/v2\/comments?post=1139"}],"version-history":[{"count":6,"href":"https:\/\/ifd23-sgo.infd.edu.ar\/sitio\/wp-json\/wp\/v2\/pages\/1139\/revisions"}],"predecessor-version":[{"id":2832,"href":"https:\/\/ifd23-sgo.infd.edu.ar\/sitio\/wp-json\/wp\/v2\/pages\/1139\/revisions\/2832"}],"wp:attachment":[{"href":"https:\/\/ifd23-sgo.infd.edu.ar\/sitio\/wp-json\/wp\/v2\/media?parent=1139"}],"curies":[{"name":"wp","href":"https:\/\/api.w.org\/{rel}","templated":true}]}}